{"id":1747,"date":"2022-08-03T19:47:30","date_gmt":"2022-08-03T22:47:30","guid":{"rendered":"https:\/\/www.hospitalbarrosluco.gob.cl\/dgti\/?page_id=1747"},"modified":"2022-08-03T19:53:54","modified_gmt":"2022-08-03T22:53:54","slug":"sistema-de-planificacion-quirurgica-para-traumatologia","status":"publish","type":"page","link":"https:\/\/www.hospitalbarrosluco.gob.cl\/dgti\/sistema-de-planificacion-quirurgica-para-traumatologia\/","title":{"rendered":"Sistema de Planificaci\u00f3n Quir\u00fargica para Traumatolog\u00eda"},"content":{"rendered":"\n<p>Como parte de la estrategia de informatizaci\u00f3n, el Departamento de Gesti\u00f3n de Tecnolog\u00edas de la Informaci\u00f3n y el servicio de Traumatolog\u00eda del Hospital Barros Luco Trudeau, se encuentran ejecutando el proyecto de digitalizaci\u00f3n del proceso de Planificaci\u00f3n Quir\u00fargica, en base a un software que procesa las placas de radiolog\u00eda alojadas en el sistema de im\u00e1genes del Hospital.<\/p>\n\n\n\n<div class=\"wp-block-image\"><figure class=\"aligncenter size-full is-resized\"><img loading=\"lazy\" src=\"https:\/\/www.hospitalbarrosluco.gob.cl\/dgti\/wp-content\/uploads\/2022\/08\/Capa.png\" alt=\"\" class=\"wp-image-1748\" width=\"328\" height=\"243\" srcset=\"https:\/\/www.hospitalbarrosluco.gob.cl\/dgti\/wp-content\/uploads\/2022\/08\/Capa.png 437w, https:\/\/www.hospitalbarrosluco.gob.cl\/dgti\/wp-content\/uploads\/2022\/08\/Capa-300x222.png 300w\" sizes=\"(max-width: 328px) 100vw, 328px\" \/><figcaption>Capacitaci\u00f3n del equipo de Cadera.<\/figcaption><\/figure><\/div>\n\n\n\n<p>El objetivo principal del proyecto es dar apoyo tecnol\u00f3gico al equipo m\u00e9dico de traumatolog\u00eda en el proceso prequir\u00fargico y quir\u00fargico.<br>Este proyecto presenta una innovaci\u00f3n para los Hospitales p\u00fablicos, ya que el Hospital Barros Luco Trudeau ser\u00eda pionero en contar con esta tecnolog\u00eda, que es utilizada en otros establecimientos de salud a nivel internacional.<\/p>\n\n\n\n<div class=\"wp-block-image\"><figure class=\"aligncenter size-full is-resized\"><img loading=\"lazy\" src=\"https:\/\/www.hospitalbarrosluco.gob.cl\/dgti\/wp-content\/uploads\/2022\/08\/Calibra.jpg\" alt=\"\" class=\"wp-image-1749\" width=\"249\" height=\"332\" srcset=\"https:\/\/www.hospitalbarrosluco.gob.cl\/dgti\/wp-content\/uploads\/2022\/08\/Calibra.jpg 498w, https:\/\/www.hospitalbarrosluco.gob.cl\/dgti\/wp-content\/uploads\/2022\/08\/Calibra-225x300.jpg 225w\" sizes=\"(max-width: 249px) 100vw, 249px\" \/><figcaption>Sistema para calibraci\u00f3n autom\u00e1tica.<\/figcaption><\/figure><\/div>\n\n\n\n<p class=\"has-medium-font-size\"><strong><mark style=\"background-color:rgba(0, 0, 0, 0)\" class=\"has-inline-color has-vivid-cyan-blue-color\">ETAPAS DE IMPLEMENTACI\u00d3N DEL PROYECTO<\/mark><\/strong><\/p>\n\n\n\n<div class=\"wp-block-image\"><figure class=\"aligncenter size-full is-resized\"><img loading=\"lazy\" src=\"https:\/\/www.hospitalbarrosluco.gob.cl\/dgti\/wp-content\/uploads\/2022\/08\/FotoSisPlanQuirTrauma.jpg\" alt=\"\" class=\"wp-image-1750\" width=\"316\" height=\"222\" srcset=\"https:\/\/www.hospitalbarrosluco.gob.cl\/dgti\/wp-content\/uploads\/2022\/08\/FotoSisPlanQuirTrauma.jpg 631w, https:\/\/www.hospitalbarrosluco.gob.cl\/dgti\/wp-content\/uploads\/2022\/08\/FotoSisPlanQuirTrauma-300x211.jpg 300w\" sizes=\"(max-width: 316px) 100vw, 316px\" \/><\/figure><\/div>\n\n\n\n<p><strong><em>Periodo 2016 &#8211; 2017<\/em><\/strong><br>Sistema de planificaci\u00f3n manual, por lo que SDA solicit\u00f3:<br>\u2022 El proceso actual implica la impresi\u00f3n de placas para luego realizar mediciones sobre ellas manualmente por parte del especialista<br>\u2022 Lo anterior aumenta el gasto en relaci\u00f3n al consumo de placas impresas<br>\u2022 Se espera con esta nueva tecnolog\u00eda eliminar la impresi\u00f3n de placas y realizar todo en formato digital<\/p>\n\n\n\n<p><strong><em>Periodo 2018<\/em><\/strong><br>\u2022 Durante el 2018 se realiza la adquisici\u00f3n de tres licencias que permiten la integraci\u00f3n con el sistema de imagenolog\u00eda del HBLT<br>\u2022 Se realizaron reuniones de trabajo con el Traumatolog\u00eda en las \u00e1reas cadera, hombro y rodilla.<br>\u2022 Se instalaron equipos PC en Pabell\u00f3n y en el servicio de Traumatolog\u00eda con el software denominado ORTHOVIEW<\/p>\n\n\n\n<p><strong><em>Periodo 2019<\/em><\/strong><br>\u2022 Adquisici\u00f3n de im\u00e1genes para calibraci\u00f3n autom\u00e1tica por parte de los tecn\u00f3logos m\u00e9dicos de imagenolog\u00eda<br>\u2022 \u00daltimas coordinaciones para el uso del Aplicativo por parte de la especialidad de Traumatolog\u00eda<\/p>\n","protected":false},"excerpt":{"rendered":"<p>Como parte de la estrategia de informatizaci\u00f3n, el Departamento de Gesti\u00f3n de Tecnolog\u00edas de la Informaci\u00f3n y el servicio de Traumatolog\u00eda del Hospital Barros Luco Trudeau, se encuentran ejecutando el proyecto de digitalizaci\u00f3n del proceso de Planificaci\u00f3n Quir\u00fargica, en base a un software que procesa las placas de radiolog\u00eda alojadas en el sistema de im\u00e1genes [&hellip;]<\/p>\n","protected":false},"author":4,"featured_media":1754,"parent":0,"menu_order":0,"comment_status":"closed","ping_status":"closed","template":"","meta":[],"featured_image_src":"https:\/\/www.hospitalbarrosluco.gob.cl\/dgti\/wp-content\/uploads\/2022\/08\/procedimientos_traumatologia-600x400.jpg","featured_image_src_square":"https:\/\/www.hospitalbarrosluco.gob.cl\/dgti\/wp-content\/uploads\/2022\/08\/procedimientos_traumatologia-600x533.jpg","_links":{"self":[{"href":"https:\/\/www.hospitalbarrosluco.gob.cl\/dgti\/wp-json\/wp\/v2\/pages\/1747"}],"collection":[{"href":"https:\/\/www.hospitalbarrosluco.gob.cl\/dgti\/wp-json\/wp\/v2\/pages"}],"about":[{"href":"https:\/\/www.hospitalbarrosluco.gob.cl\/dgti\/wp-json\/wp\/v2\/types\/page"}],"author":[{"embeddable":true,"href":"https:\/\/www.hospitalbarrosluco.gob.cl\/dgti\/wp-json\/wp\/v2\/users\/4"}],"replies":[{"embeddable":true,"href":"https:\/\/www.hospitalbarrosluco.gob.cl\/dgti\/wp-json\/wp\/v2\/comments?post=1747"}],"version-history":[{"count":4,"href":"https:\/\/www.hospitalbarrosluco.gob.cl\/dgti\/wp-json\/wp\/v2\/pages\/1747\/revisions"}],"predecessor-version":[{"id":1757,"href":"https:\/\/www.hospitalbarrosluco.gob.cl\/dgti\/wp-json\/wp\/v2\/pages\/1747\/revisions\/1757"}],"wp:featuredmedia":[{"embeddable":true,"href":"https:\/\/www.hospitalbarrosluco.gob.cl\/dgti\/wp-json\/wp\/v2\/media\/1754"}],"wp:attachment":[{"href":"https:\/\/www.hospitalbarrosluco.gob.cl\/dgti\/wp-json\/wp\/v2\/media?parent=1747"}],"curies":[{"name":"wp","href":"https:\/\/api.w.org\/{rel}","templated":true}]}}