{"id":2171,"date":"2022-12-22T16:19:23","date_gmt":"2022-12-22T19:19:23","guid":{"rendered":"https:\/\/www.hospitalbarrosluco.gob.cl\/dgti\/?page_id=2171"},"modified":"2024-01-19T18:15:14","modified_gmt":"2024-01-19T21:15:14","slug":"que-debo-hacer-con-mi-correo-en-caso-de-ausencia-laboral","status":"publish","type":"page","link":"https:\/\/www.hospitalbarrosluco.gob.cl\/dgti\/que-debo-hacer-con-mi-correo-en-caso-de-ausencia-laboral\/","title":{"rendered":"\u00bfQu\u00e9 debo hacer con mi correo en caso de ausencia laboral?"},"content":{"rendered":"\n<p>Existen tres (3) opciones, puedes elegir una de las tres o las que se adapten de acuerdo a su necesidad.<\/p>\n\n\n\n<p>Antes de realizar la configuraci\u00f3n de la respuesta autom\u00e1tica y la derivaci\u00f3n, es necesario que <strong>usted conozca la contrase\u00f1a de su correo electr\u00f3nico.<\/strong> En caso contrario, debe pedir el cambio de contrase\u00f1a al email soportedgti.cabl@redsalud.gob.cl de Mesa de Ayuda DGTI \u2013 HBLT. <strong>Esta solicitud es realizada por el propietario del correo.<\/strong><\/p>\n\n\n\n<p><strong>1.<\/strong> <strong>Respuesta Autom\u00e1tica:<\/strong> Es una funci\u00f3n que permite generar un correo electr\u00f3nico de respuesta personalizada y de forma autom\u00e1tica, cuando una determinada direcci\u00f3n de email recibe un mensaje.<\/p>\n\n\n\n<div style=\"height:10px\" aria-hidden=\"true\" class=\"wp-block-spacer\"><\/div>\n\n\n\n<p><strong>2.<\/strong> <strong>Derivaci\u00f3n: <\/strong>Es conocido como reenv\u00edo o redireccionamiento autom\u00e1tico de correos. Todo correo que llegue a su cuenta, ser\u00e1 derivado a otra cuenta que se configure, manteniendo una copia en su bandeja.<\/p>\n\n\n\n<div style=\"height:10px\" aria-hidden=\"true\" class=\"wp-block-spacer\"><\/div>\n\n\n\n<p>Si ya tiene su contrase\u00f1a, para m\u00e1s detalles sobre ambas configuraciones puede <strong>descargar el manual <\/strong>en el siguiente <strong><a href=\"https:\/\/www.hospitalbarrosluco.gob.cl\/dgti\/wp-content\/uploads\/2024\/01\/Manual-respuesta-automatica-y-derivacion-de-correo.pdf\" target=\"_blank\" rel=\"noreferrer noopener\">enlace<\/a><\/strong>.<\/p>\n\n\n\n<p><strong>3.<\/strong> <strong>Poder Simple:<\/strong> Es un documento aprobado por el Hospital Barros Luco Trudeau (HBLT), <strong>DGTI 05 POLITICA DE SEGURIDAD DE USO DE CORREO ELECTRONICO V2 2021, 14.<\/strong> Acceso a Cuentas de Tercero Bajo Poder Simple, aplicado ante la ausencia del titular de la cuenta de correo.<\/p>\n\n\n\n<p>Si desea dejar un poder simple, puede <strong>descargar el formato<\/strong> en el siguiente <strong><a rel=\"noreferrer noopener\" href=\"https:\/\/www.hospitalbarrosluco.gob.cl\/dgti\/poder-simple-para-acceso-de-terceros-a-correo-electronico\/\" target=\"_blank\">enlace<\/a><\/strong>.<\/p>\n\n\n\n<div style=\"height:20px\" aria-hidden=\"true\" class=\"wp-block-spacer\"><\/div>\n\n\n\n<p>Es importante conocer la <strong>\u201cPol\u00edtica de Seguridad de uso de Correo Electr\u00f3nico\u201d<\/strong>, la puede descargar en el siguiente <strong><a rel=\"noreferrer noopener\" href=\"https:\/\/www.hospitalbarrosluco.gob.cl\/dgti\/wp-content\/uploads\/2022\/05\/DGTI-05-POLITICA-DE-USO-DE-CORREO-ELECTRONICO-V2-2021.pdf\" target=\"_blank\">enlace<\/a><\/strong>.<\/p>\n\n\n\n<div style=\"height:30px\" aria-hidden=\"true\" class=\"wp-block-spacer\"><\/div>\n\n\n\n<p class=\"has-text-align-center\"><strong>\u00a1\u00a1\u00a1\u00a1\u00a1Recuerde hacerlo<\/strong> <strong>con anticipaci\u00f3n!!!!!<\/strong><\/p>\n\n\n\n<div style=\"height:15px\" aria-hidden=\"true\" class=\"wp-block-spacer\"><\/div>\n","protected":false},"excerpt":{"rendered":"<p>Existen tres (3) opciones, puedes elegir una de las tres o las que se adapten de acuerdo a su necesidad. Antes de realizar la configuraci\u00f3n de la respuesta autom\u00e1tica y la derivaci\u00f3n, es necesario que usted conozca la contrase\u00f1a de su correo electr\u00f3nico. En caso contrario, debe pedir el cambio de contrase\u00f1a al email soportedgti.cabl@redsalud.gob.cl [&hellip;]<\/p>\n","protected":false},"author":4,"featured_media":2192,"parent":0,"menu_order":0,"comment_status":"closed","ping_status":"closed","template":"","meta":[],"featured_image_src":"https:\/\/www.hospitalbarrosluco.gob.cl\/dgti\/wp-content\/uploads\/2022\/12\/ForFotoCutTituloCorreos660x220px-600x220.png","featured_image_src_square":"https:\/\/www.hospitalbarrosluco.gob.cl\/dgti\/wp-content\/uploads\/2022\/12\/ForFotoCutTituloCorreos660x220px-600x220.png","_links":{"self":[{"href":"https:\/\/www.hospitalbarrosluco.gob.cl\/dgti\/wp-json\/wp\/v2\/pages\/2171"}],"collection":[{"href":"https:\/\/www.hospitalbarrosluco.gob.cl\/dgti\/wp-json\/wp\/v2\/pages"}],"about":[{"href":"https:\/\/www.hospitalbarrosluco.gob.cl\/dgti\/wp-json\/wp\/v2\/types\/page"}],"author":[{"embeddable":true,"href":"https:\/\/www.hospitalbarrosluco.gob.cl\/dgti\/wp-json\/wp\/v2\/users\/4"}],"replies":[{"embeddable":true,"href":"https:\/\/www.hospitalbarrosluco.gob.cl\/dgti\/wp-json\/wp\/v2\/comments?post=2171"}],"version-history":[{"count":22,"href":"https:\/\/www.hospitalbarrosluco.gob.cl\/dgti\/wp-json\/wp\/v2\/pages\/2171\/revisions"}],"predecessor-version":[{"id":2432,"href":"https:\/\/www.hospitalbarrosluco.gob.cl\/dgti\/wp-json\/wp\/v2\/pages\/2171\/revisions\/2432"}],"wp:featuredmedia":[{"embeddable":true,"href":"https:\/\/www.hospitalbarrosluco.gob.cl\/dgti\/wp-json\/wp\/v2\/media\/2192"}],"wp:attachment":[{"href":"https:\/\/www.hospitalbarrosluco.gob.cl\/dgti\/wp-json\/wp\/v2\/media?parent=2171"}],"curies":[{"name":"wp","href":"https:\/\/api.w.org\/{rel}","templated":true}]}}