{"id":354,"date":"2022-03-29T15:35:25","date_gmt":"2022-03-29T18:35:25","guid":{"rendered":"https:\/\/www.hospitalbarrosluco.gob.cl\/dgti\/?page_id=354"},"modified":"2022-08-09T16:59:34","modified_gmt":"2022-08-09T19:59:34","slug":"sistema-apa","status":"publish","type":"page","link":"https:\/\/www.hospitalbarrosluco.gob.cl\/dgti\/sistema-apa\/","title":{"rendered":"Sistema APA"},"content":{"rendered":"\n<p>El sistema de Anatom\u00eda Patol\u00f3gica se desarroll\u00f3 para automatizar el proceso completo de las biopsias, citolog\u00edas y Papanicolau, es decir, desde la solicitud del examen, el env\u00edo de la muestra hacia la Unidad de Anatom\u00eda Patol\u00f3gica de HBLT, el procesamiento al interior de la unidad y la publicaci\u00f3n de los resultados. De esta forma se mantiene la trazabilidad de la muestra y facilita el acceso de los resultados de ex\u00e1menes tanto a funcionarios ya que pueden visualizar los resultados directamente desde el lugar donde se desempe\u00f1an, como a pacientes ya que el sistema cuenta con un Portal de resultados para que pueden consultar los resultados de los ex\u00e1menes realizados.<\/p>\n\n\n\n<div style=\"height:30px\" aria-hidden=\"true\" class=\"wp-block-spacer\"><\/div>\n\n\n\n<figure class=\"wp-block-image size-full\"><img loading=\"lazy\" width=\"500\" height=\"50\" src=\"https:\/\/www.hospitalbarrosluco.gob.cl\/dgti\/wp-content\/uploads\/2022\/08\/BarrasAPAactores.png\" alt=\"\" class=\"wp-image-1916\" srcset=\"https:\/\/www.hospitalbarrosluco.gob.cl\/dgti\/wp-content\/uploads\/2022\/08\/BarrasAPAactores.png 500w, https:\/\/www.hospitalbarrosluco.gob.cl\/dgti\/wp-content\/uploads\/2022\/08\/BarrasAPAactores-300x30.png 300w\" sizes=\"(max-width: 500px) 100vw, 500px\" \/><\/figure>\n\n\n\n<div class=\"wp-block-image\"><figure class=\"aligncenter size-large is-resized\"><a href=\"https:\/\/www.hospitalbarrosluco.cl\/dgti\/wp-content\/uploads\/2022\/08\/Actores-1024x519.png\"><img loading=\"lazy\" src=\"https:\/\/www.hospitalbarrosluco.gob.cl\/dgti\/wp-content\/uploads\/2022\/08\/Actores-1024x519.png\" alt=\"\" class=\"wp-image-1918\" width=\"512\" height=\"260\" srcset=\"https:\/\/www.hospitalbarrosluco.gob.cl\/dgti\/wp-content\/uploads\/2022\/08\/Actores-1024x519.png 1024w, https:\/\/www.hospitalbarrosluco.gob.cl\/dgti\/wp-content\/uploads\/2022\/08\/Actores-300x152.png 300w, https:\/\/www.hospitalbarrosluco.gob.cl\/dgti\/wp-content\/uploads\/2022\/08\/Actores-768x390.png 768w, https:\/\/www.hospitalbarrosluco.gob.cl\/dgti\/wp-content\/uploads\/2022\/08\/Actores-660x335.png 660w, https:\/\/www.hospitalbarrosluco.gob.cl\/dgti\/wp-content\/uploads\/2022\/08\/Actores.png 1047w\" sizes=\"(max-width: 512px) 100vw, 512px\" \/><\/a><figcaption>Haga clic en imagen para agrandar.<\/figcaption><\/figure><\/div>\n\n\n\n<div style=\"height:30px\" aria-hidden=\"true\" class=\"wp-block-spacer\"><\/div>\n\n\n\n<figure class=\"wp-block-image size-full\"><img loading=\"lazy\" width=\"500\" height=\"50\" src=\"https:\/\/www.hospitalbarrosluco.gob.cl\/dgti\/wp-content\/uploads\/2022\/08\/BarrasAPAalcances.png\" alt=\"\" class=\"wp-image-1920\" srcset=\"https:\/\/www.hospitalbarrosluco.gob.cl\/dgti\/wp-content\/uploads\/2022\/08\/BarrasAPAalcances.png 500w, https:\/\/www.hospitalbarrosluco.gob.cl\/dgti\/wp-content\/uploads\/2022\/08\/BarrasAPAalcances-300x30.png 300w\" sizes=\"(max-width: 500px) 100vw, 500px\" \/><\/figure>\n\n\n\n<div class=\"wp-block-image\"><figure class=\"aligncenter size-large is-resized\"><a href=\"https:\/\/www.hospitalbarrosluco.cl\/dgti\/wp-content\/uploads\/2022\/08\/Alcances-1024x564.png\"><img loading=\"lazy\" src=\"https:\/\/www.hospitalbarrosluco.gob.cl\/dgti\/wp-content\/uploads\/2022\/08\/Alcances-1024x564.png\" alt=\"\" class=\"wp-image-1921\" width=\"512\" height=\"282\" srcset=\"https:\/\/www.hospitalbarrosluco.gob.cl\/dgti\/wp-content\/uploads\/2022\/08\/Alcances-1024x564.png 1024w, https:\/\/www.hospitalbarrosluco.gob.cl\/dgti\/wp-content\/uploads\/2022\/08\/Alcances-300x165.png 300w, https:\/\/www.hospitalbarrosluco.gob.cl\/dgti\/wp-content\/uploads\/2022\/08\/Alcances-768x423.png 768w, https:\/\/www.hospitalbarrosluco.gob.cl\/dgti\/wp-content\/uploads\/2022\/08\/Alcances-660x364.png 660w, https:\/\/www.hospitalbarrosluco.gob.cl\/dgti\/wp-content\/uploads\/2022\/08\/Alcances.png 1071w\" sizes=\"(max-width: 512px) 100vw, 512px\" \/><\/a><figcaption>Haga clic en imagen para agrandar.<\/figcaption><\/figure><\/div>\n\n\n\n<p>Est\u00e1 siendo utilizado APA por personal cl\u00ednico, profesionales de la Unidad de Anatom\u00eda Patol\u00f3gica y por profesionales de los establecimientos de la red que actualmente consultan por resultados de los ex\u00e1menes solicitados.<\/p>\n\n\n\n<div style=\"height:30px\" aria-hidden=\"true\" class=\"wp-block-spacer\"><\/div>\n\n\n\n<figure class=\"wp-block-image size-full\"><img loading=\"lazy\" width=\"500\" height=\"50\" src=\"https:\/\/www.hospitalbarrosluco.gob.cl\/dgti\/wp-content\/uploads\/2022\/08\/BarrasAPAfechas.png\" alt=\"\" class=\"wp-image-1924\" srcset=\"https:\/\/www.hospitalbarrosluco.gob.cl\/dgti\/wp-content\/uploads\/2022\/08\/BarrasAPAfechas.png 500w, https:\/\/www.hospitalbarrosluco.gob.cl\/dgti\/wp-content\/uploads\/2022\/08\/BarrasAPAfechas-300x30.png 300w\" sizes=\"(max-width: 500px) 100vw, 500px\" \/><\/figure>\n\n\n\n<div class=\"wp-block-image\"><figure class=\"aligncenter size-full is-resized\"><img loading=\"lazy\" src=\"https:\/\/www.hospitalbarrosluco.gob.cl\/dgti\/wp-content\/uploads\/2022\/08\/Fechas.png\" alt=\"\" class=\"wp-image-1923\" width=\"963\" height=\"259\" srcset=\"https:\/\/www.hospitalbarrosluco.gob.cl\/dgti\/wp-content\/uploads\/2022\/08\/Fechas.png 963w, https:\/\/www.hospitalbarrosluco.gob.cl\/dgti\/wp-content\/uploads\/2022\/08\/Fechas-300x81.png 300w, https:\/\/www.hospitalbarrosluco.gob.cl\/dgti\/wp-content\/uploads\/2022\/08\/Fechas-768x207.png 768w, https:\/\/www.hospitalbarrosluco.gob.cl\/dgti\/wp-content\/uploads\/2022\/08\/Fechas-660x178.png 660w\" sizes=\"(max-width: 963px) 100vw, 963px\" \/><\/figure><\/div>\n\n\n\n<p>\u2022 Inicio Sistema en Producci\u00f3n: Septiembre 2019<br>\u2022 Capacitaciones CMIM y HBLT: Octubre 2020 a Febrero 2021<br>\u2022 Visitas a Hospitales de la Red: Noviembre 2021 a Marzo 2022<br>\u2022 Capacitaciones Hospitales: Abril a Julio 2022<br>\u2022 Implementaci\u00f3n en Hospitales Biopsias y PAP: Mayo a Agosto<br>\u2022 Implementaci\u00f3n en APS: En proceso<\/p>\n\n\n\n<div style=\"height:60px\" aria-hidden=\"true\" class=\"wp-block-spacer\"><\/div>\n\n\n\n<p><\/p>\n","protected":false},"excerpt":{"rendered":"<p>El sistema de Anatom\u00eda Patol\u00f3gica se desarroll\u00f3 para automatizar el proceso completo de las biopsias, citolog\u00edas y Papanicolau, es decir, desde la solicitud del examen, el env\u00edo de la muestra hacia la Unidad de Anatom\u00eda Patol\u00f3gica de HBLT, el procesamiento al interior de la unidad y la publicaci\u00f3n de los resultados. De esta forma se [&hellip;]<\/p>\n","protected":false},"author":4,"featured_media":355,"parent":0,"menu_order":0,"comment_status":"closed","ping_status":"closed","template":"","meta":[],"featured_image_src":"https:\/\/www.hospitalbarrosluco.gob.cl\/dgti\/wp-content\/uploads\/2022\/03\/ForFotoCutTituloNexoAPA660x220px.png","featured_image_src_square":"https:\/\/www.hospitalbarrosluco.gob.cl\/dgti\/wp-content\/uploads\/2022\/03\/ForFotoCutTituloNexoAPA660x220px.png","_links":{"self":[{"href":"https:\/\/www.hospitalbarrosluco.gob.cl\/dgti\/wp-json\/wp\/v2\/pages\/354"}],"collection":[{"href":"https:\/\/www.hospitalbarrosluco.gob.cl\/dgti\/wp-json\/wp\/v2\/pages"}],"about":[{"href":"https:\/\/www.hospitalbarrosluco.gob.cl\/dgti\/wp-json\/wp\/v2\/types\/page"}],"author":[{"embeddable":true,"href":"https:\/\/www.hospitalbarrosluco.gob.cl\/dgti\/wp-json\/wp\/v2\/users\/4"}],"replies":[{"embeddable":true,"href":"https:\/\/www.hospitalbarrosluco.gob.cl\/dgti\/wp-json\/wp\/v2\/comments?post=354"}],"version-history":[{"count":8,"href":"https:\/\/www.hospitalbarrosluco.gob.cl\/dgti\/wp-json\/wp\/v2\/pages\/354\/revisions"}],"predecessor-version":[{"id":1928,"href":"https:\/\/www.hospitalbarrosluco.gob.cl\/dgti\/wp-json\/wp\/v2\/pages\/354\/revisions\/1928"}],"wp:featuredmedia":[{"embeddable":true,"href":"https:\/\/www.hospitalbarrosluco.gob.cl\/dgti\/wp-json\/wp\/v2\/media\/355"}],"wp:attachment":[{"href":"https:\/\/www.hospitalbarrosluco.gob.cl\/dgti\/wp-json\/wp\/v2\/media?parent=354"}],"curies":[{"name":"wp","href":"https:\/\/api.w.org\/{rel}","templated":true}]}}