{"id":363,"date":"2022-03-29T15:44:10","date_gmt":"2022-03-29T18:44:10","guid":{"rendered":"https:\/\/www.hospitalbarrosluco.gob.cl\/dgti\/?page_id=363"},"modified":"2024-04-26T21:47:15","modified_gmt":"2024-04-27T00:47:15","slug":"carpetas-nas","status":"publish","type":"page","link":"https:\/\/www.hospitalbarrosluco.gob.cl\/dgti\/carpetas-nas\/","title":{"rendered":"Almac. Compartido Seguro"},"content":{"rendered":"\n<p>Debido a la importancia que desde siempre ha tenido la informaci\u00f3n en el HBLT y, por ende, su resguardo seguro, es que se crea el \u201cAlmacenamiento Compartido Seguro\u201d, o tambi\u00e9n, conocido como Carpetas Compartidas o NAS.<\/p>\n\n\n\n<p>Este almacenamiento se encuentra f\u00edsicamente fuera del equipo del usuario, en los servidores del HBLT, los cuales son respaldados peri\u00f3dicamente, ya que, en el caso de falla del computador, la informaci\u00f3n no se perder\u00e1.<\/p>\n\n\n\n<p>El usuario de este servicio, podr\u00e1 almacenar informaci\u00f3n laboral, a su vez, compartirla con otros usuarios, sin embargo, no permite el trabajo colaborativo, ya que solo puede editar un documento una persona a la vez. Est\u00e1 pensado para grandes vol\u00famenes de informaci\u00f3n.<\/p>\n\n\n\n<p>Se implement\u00f3 para servicios, departamentos y unidades organizacionales del HBLT, que requieran compartir, almacenar y resguardar informaci\u00f3n importante de \u00e9sta.<\/p>\n\n\n\n<p class=\"has-text-align-left\">Haga clic en los botones a continuaci\u00f3n para descargar los documentos para crear o acceder a una carpeta del <strong>Almacenamiento compartido seguro.<\/strong><\/p>\n\n\n\n<div style=\"height:20px\" aria-hidden=\"true\" class=\"wp-block-spacer\"><\/div>\n\n\n\n<div style=\"text-align:center\" class=\"wp-block-atomic-blocks-ab-button ab-block-button\"><a href=\"https:\/\/www.hospitalbarrosluco.gob.cl\/dgti\/wp-content\/uploads\/2024\/04\/FORMULARIO_CREACION_CARPETA_NAS.docx\" target=\"_blank\" rel=\"noopener noreferrer\" class=\"ab-button ab-button-shape-rounded ab-button-size-medium\" style=\"color:#ffffff;background-color:#3373dc\">Descarga formulario para crear una carpeta<\/a><\/div>\n\n\n\n<div style=\"text-align:center\" class=\"wp-block-atomic-blocks-ab-button ab-block-button\"><a href=\"https:\/\/www.hospitalbarrosluco.gob.cl\/dgti\/wp-content\/uploads\/2024\/04\/CONTROL_ACCESOS_NAS-V2.docx\" target=\"_blank\" rel=\"noopener noreferrer\" class=\"ab-button ab-button-shape-rounded ab-button-size-medium\" style=\"color:#ffffff;background-color:#3373dc\">Descarga formulario para acceder a carpeta<\/a><\/div>\n\n\n\n<div style=\"text-align:center\" class=\"wp-block-atomic-blocks-ab-button ab-block-button\"><a href=\"https:\/\/www.hospitalbarrosluco.gob.cl\/dgti\/wp-content\/uploads\/2024\/04\/Plantilla-Masiva-accesos-NAS-vacia.xlsx\" target=\"_blank\" rel=\"noopener noreferrer\" class=\"ab-button ab-button-shape-rounded ab-button-size-medium\" style=\"color:#ffffff;background-color:#3373dc\">Descarga plantilla masiva en Excel<\/a><\/div>\n","protected":false},"excerpt":{"rendered":"<p>Debido a la importancia que desde siempre ha tenido la informaci\u00f3n en el HBLT y, por ende, su resguardo seguro, es que se crea el \u201cAlmacenamiento Compartido Seguro\u201d, o tambi\u00e9n, conocido como Carpetas Compartidas o NAS. Este almacenamiento se encuentra f\u00edsicamente fuera del equipo del usuario, en los servidores del HBLT, los cuales son respaldados [&hellip;]<\/p>\n","protected":false},"author":4,"featured_media":511,"parent":0,"menu_order":0,"comment_status":"closed","ping_status":"closed","template":"","meta":[],"featured_image_src":"https:\/\/www.hospitalbarrosluco.gob.cl\/dgti\/wp-content\/uploads\/2022\/04\/ForFotoCutTituloNAS660x220px.png","featured_image_src_square":"https:\/\/www.hospitalbarrosluco.gob.cl\/dgti\/wp-content\/uploads\/2022\/04\/ForFotoCutTituloNAS660x220px.png","_links":{"self":[{"href":"https:\/\/www.hospitalbarrosluco.gob.cl\/dgti\/wp-json\/wp\/v2\/pages\/363"}],"collection":[{"href":"https:\/\/www.hospitalbarrosluco.gob.cl\/dgti\/wp-json\/wp\/v2\/pages"}],"about":[{"href":"https:\/\/www.hospitalbarrosluco.gob.cl\/dgti\/wp-json\/wp\/v2\/types\/page"}],"author":[{"embeddable":true,"href":"https:\/\/www.hospitalbarrosluco.gob.cl\/dgti\/wp-json\/wp\/v2\/users\/4"}],"replies":[{"embeddable":true,"href":"https:\/\/www.hospitalbarrosluco.gob.cl\/dgti\/wp-json\/wp\/v2\/comments?post=363"}],"version-history":[{"count":16,"href":"https:\/\/www.hospitalbarrosluco.gob.cl\/dgti\/wp-json\/wp\/v2\/pages\/363\/revisions"}],"predecessor-version":[{"id":2415,"href":"https:\/\/www.hospitalbarrosluco.gob.cl\/dgti\/wp-json\/wp\/v2\/pages\/363\/revisions\/2415"}],"wp:featuredmedia":[{"embeddable":true,"href":"https:\/\/www.hospitalbarrosluco.gob.cl\/dgti\/wp-json\/wp\/v2\/media\/511"}],"wp:attachment":[{"href":"https:\/\/www.hospitalbarrosluco.gob.cl\/dgti\/wp-json\/wp\/v2\/media?parent=363"}],"curies":[{"name":"wp","href":"https:\/\/api.w.org\/{rel}","templated":true}]}}