{"id":365,"date":"2022-03-29T15:44:39","date_gmt":"2022-03-29T18:44:39","guid":{"rendered":"https:\/\/www.hospitalbarrosluco.gob.cl\/dgti\/?page_id=365"},"modified":"2022-08-01T17:00:14","modified_gmt":"2022-08-01T20:00:14","slug":"enlaces-de-interes","status":"publish","type":"page","link":"https:\/\/www.hospitalbarrosluco.gob.cl\/dgti\/enlaces-de-interes\/","title":{"rendered":"Enlaces de inter\u00e9s"},"content":{"rendered":"\n<figure class=\"wp-block-image size-full\"><img loading=\"lazy\" width=\"500\" height=\"50\" src=\"https:\/\/www.hospitalbarrosluco.gob.cl\/dgti\/wp-content\/uploads\/2022\/08\/Links-Minsal.png\" alt=\"\" class=\"wp-image-1622\" srcset=\"https:\/\/www.hospitalbarrosluco.gob.cl\/dgti\/wp-content\/uploads\/2022\/08\/Links-Minsal.png 500w, https:\/\/www.hospitalbarrosluco.gob.cl\/dgti\/wp-content\/uploads\/2022\/08\/Links-Minsal-300x30.png 300w\" sizes=\"(max-width: 500px) 100vw, 500px\" \/><\/figure>\n\n\n\n<p>\u2022 <a rel=\"noreferrer noopener\" href=\"https:\/\/www.minsal.cl\/politicas_de_privacidad_para_aprobacion_y_revision\/?s=Pol%C3%ADticas+de+Privacidad\" target=\"_blank\"><strong>Pol\u00edticas de Privacidad, MINSAL<\/strong><\/a><br>\u2022 <strong><a rel=\"noreferrer noopener\" href=\"https:\/\/www.hospitaldigital.gob.cl\/\" target=\"_blank\">Hospital Digital<\/a><\/strong><br>\u2022 <a href=\"https:\/\/portalsaluddigital.minsal.cl\/\" target=\"_blank\" rel=\"noreferrer noopener\"><strong>Portal Salud Digital<\/strong><\/a><\/p>\n\n\n\n<div style=\"height:15px\" aria-hidden=\"true\" class=\"wp-block-spacer\"><\/div>\n\n\n\n<figure class=\"wp-block-image size-full\"><img loading=\"lazy\" width=\"500\" height=\"50\" src=\"https:\/\/www.hospitalbarrosluco.gob.cl\/dgti\/wp-content\/uploads\/2022\/08\/Links-Transformacion.png\" alt=\"\" class=\"wp-image-1626\" srcset=\"https:\/\/www.hospitalbarrosluco.gob.cl\/dgti\/wp-content\/uploads\/2022\/08\/Links-Transformacion.png 500w, https:\/\/www.hospitalbarrosluco.gob.cl\/dgti\/wp-content\/uploads\/2022\/08\/Links-Transformacion-300x30.png 300w\" sizes=\"(max-width: 500px) 100vw, 500px\" \/><\/figure>\n\n\n\n<p>\u2022 <a rel=\"noreferrer noopener\" href=\"https:\/\/digital.gob.cl\/\" target=\"_blank\"><strong>Gobierno Digital<\/strong><\/a><br>\u2022 <strong><a rel=\"noreferrer noopener\" href=\"https:\/\/digital.gob.cl\/biblioteca\/estrategias\/\" target=\"_blank\">Estrategias para la transformaci\u00f3n Digital de Gobierno<\/a> <\/strong><br>\u2022 <a rel=\"noreferrer noopener\" href=\"https:\/\/digital.gob.cl\/biblioteca\/regulacion\/\" target=\"_blank\"><strong>Regulaci\u00f3n para la Transformaci\u00f3n Digital de Gobierno<\/strong><\/a><br>\u2022 <a href=\"https:\/\/digital.gob.cl\/plataformas-transversales\/\" target=\"_blank\" rel=\"noreferrer noopener\"><strong>Plataformas Transversales<\/strong><\/a><\/p>\n\n\n\n<div style=\"height:15px\" aria-hidden=\"true\" class=\"wp-block-spacer\"><\/div>\n\n\n\n<figure class=\"wp-block-image size-full\"><img loading=\"lazy\" width=\"500\" height=\"50\" src=\"https:\/\/www.hospitalbarrosluco.gob.cl\/dgti\/wp-content\/uploads\/2022\/08\/Links-Seguridad.png\" alt=\"\" class=\"wp-image-1628\" srcset=\"https:\/\/www.hospitalbarrosluco.gob.cl\/dgti\/wp-content\/uploads\/2022\/08\/Links-Seguridad.png 500w, https:\/\/www.hospitalbarrosluco.gob.cl\/dgti\/wp-content\/uploads\/2022\/08\/Links-Seguridad-300x30.png 300w\" sizes=\"(max-width: 500px) 100vw, 500px\" \/><\/figure>\n\n\n\n<p>\u2022 <a href=\"https:\/\/www.csirt.gob.cl\/\" target=\"_blank\" rel=\"noreferrer noopener\"><strong>Equipo de respuesta ante incidentes de Seguridad de la Informaci\u00f3n<\/strong><\/a><\/p>\n\n\n\n<div style=\"height:15px\" aria-hidden=\"true\" class=\"wp-block-spacer\"><\/div>\n\n\n\n<figure class=\"wp-block-image size-full\"><img loading=\"lazy\" width=\"500\" height=\"50\" src=\"https:\/\/www.hospitalbarrosluco.gob.cl\/dgti\/wp-content\/uploads\/2022\/08\/Links-Legislacion.png\" alt=\"\" class=\"wp-image-1629\" srcset=\"https:\/\/www.hospitalbarrosluco.gob.cl\/dgti\/wp-content\/uploads\/2022\/08\/Links-Legislacion.png 500w, https:\/\/www.hospitalbarrosluco.gob.cl\/dgti\/wp-content\/uploads\/2022\/08\/Links-Legislacion-300x30.png 300w\" sizes=\"(max-width: 500px) 100vw, 500px\" \/><\/figure>\n\n\n\n<p>\u2022 <strong><a rel=\"noreferrer noopener\" href=\"https:\/\/www.bcn.cl\" target=\"_blank\">Biblioteca del Congreso Nacional de Chile:<\/a> <\/strong><br>&#8211; <a rel=\"noreferrer noopener\" href=\"https:\/\/www.bcn.cl\/leychile\/navegar?idNorma=276363&amp;idParte=8564031\" target=\"_blank\"><strong><em>Ley 20.285, sobre Acceso a la Informaci\u00f3n P\u00fablica. <\/em><\/strong><\/a><br>&#8211; <a rel=\"noreferrer noopener\" href=\"https:\/\/www.bcn.cl\/leychile\/navegar?idNorma=1177743\" target=\"_blank\"><strong><em>Ley 21.459, establece normas sobre delitos inform\u00e1ticos, deroga la ley N\u00b0 19.223 y modifica otros cuerpos legales con el objeto de adecuarlos al convenio de Budapest. <\/em><\/strong><\/a><br>&#8211; <a rel=\"noreferrer noopener\" href=\"https:\/\/www.bcn.cl\/leychile\/navegar?idNorma=1138479&amp;idParte=10067375&amp;idVersion=2222-02-02\" target=\"_blank\"><strong><em>Ley 21.180, transformaci\u00f3n digital del estado.<\/em><\/strong><\/a><br>&#8211; <a rel=\"noreferrer noopener\" href=\"https:\/\/www.bcn.cl\/leychile\/navegar?idNorma=1046753\" target=\"_blank\"><strong><em>Decreto 41\/2012 que aprueba Reglamento sobre Fichas Cl\u00ednicas.<\/em><\/strong><\/a><br>&#8211; <strong><em><a rel=\"noreferrer noopener\" href=\"https:\/\/www.bcn.cl\/leychile\/navegar?idNorma=234598\" target=\"_blank\">Decreto 83, aprueba norma t\u00e9cnica para los \u00f3rganos de la administraci\u00f3n del estado sobre seguridad y confidencialidad de los documentos electr\u00f3nicos.<\/a><\/em><\/strong> <\/p>\n\n\n\n<div style=\"height:15px\" aria-hidden=\"true\" class=\"wp-block-spacer\"><\/div>\n\n\n\n<figure class=\"wp-block-image size-full\"><img loading=\"lazy\" width=\"500\" height=\"50\" src=\"https:\/\/www.hospitalbarrosluco.gob.cl\/dgti\/wp-content\/uploads\/2022\/08\/Links-Super.png\" alt=\"\" class=\"wp-image-1630\" srcset=\"https:\/\/www.hospitalbarrosluco.gob.cl\/dgti\/wp-content\/uploads\/2022\/08\/Links-Super.png 500w, https:\/\/www.hospitalbarrosluco.gob.cl\/dgti\/wp-content\/uploads\/2022\/08\/Links-Super-300x30.png 300w\" sizes=\"(max-width: 500px) 100vw, 500px\" \/><\/figure>\n\n\n\n<p>\u2022 <strong><em><a href=\"https:\/\/rnpi.superdesalud.gob.cl\/\" target=\"_blank\" rel=\"noreferrer noopener\">Registro Nacional de Prestadores Individuales de Salud <\/a><\/em><\/strong><\/p>\n\n\n\n<div style=\"height:15px\" aria-hidden=\"true\" class=\"wp-block-spacer\"><\/div>\n\n\n\n<figure class=\"wp-block-image size-full\"><img loading=\"lazy\" width=\"500\" height=\"50\" src=\"https:\/\/www.hospitalbarrosluco.gob.cl\/dgti\/wp-content\/uploads\/2022\/08\/Links-Tecno.png\" alt=\"\" class=\"wp-image-1631\" srcset=\"https:\/\/www.hospitalbarrosluco.gob.cl\/dgti\/wp-content\/uploads\/2022\/08\/Links-Tecno.png 500w, https:\/\/www.hospitalbarrosluco.gob.cl\/dgti\/wp-content\/uploads\/2022\/08\/Links-Tecno-300x30.png 300w\" sizes=\"(max-width: 500px) 100vw, 500px\" \/><\/figure>\n\n\n\n<p>\u2022 <strong><em><a rel=\"noreferrer noopener\" href=\"https:\/\/www.minciencia.gob.cl\/areas-de-trabajo\/minciencia-covid19\/tecno-e-innovacion\/\" target=\"_blank\">Ministerio de Ciencia, Tecnolog\u00eda, Conocimiento e Innovaci\u00f3n.<\/a><\/em><\/strong> <br>\u2022 <strong><em><a href=\"https:\/\/www.xataka.com\/categoria\/medicina-y-salud\" target=\"_blank\" rel=\"noreferrer noopener\">Medicina y Salud<\/a><\/em><\/strong> <\/p>\n\n\n\n<div style=\"height:70px\" aria-hidden=\"true\" class=\"wp-block-spacer\"><\/div>\n","protected":false},"excerpt":{"rendered":"<p>\u2022 Pol\u00edticas de Privacidad, MINSAL\u2022 Hospital Digital\u2022 Portal Salud Digital \u2022 Gobierno Digital\u2022 Estrategias para la transformaci\u00f3n Digital de Gobierno \u2022 Regulaci\u00f3n para la Transformaci\u00f3n Digital de Gobierno\u2022 Plataformas Transversales \u2022 Equipo de respuesta ante incidentes de Seguridad de la Informaci\u00f3n \u2022 Biblioteca del Congreso Nacional de Chile: &#8211; Ley 20.285, sobre Acceso a la [&hellip;]<\/p>\n","protected":false},"author":4,"featured_media":540,"parent":0,"menu_order":0,"comment_status":"closed","ping_status":"closed","template":"","meta":[],"featured_image_src":"https:\/\/www.hospitalbarrosluco.gob.cl\/dgti\/wp-content\/uploads\/2022\/04\/ForEnlaces660x220px.png","featured_image_src_square":"https:\/\/www.hospitalbarrosluco.gob.cl\/dgti\/wp-content\/uploads\/2022\/04\/ForEnlaces660x220px.png","_links":{"self":[{"href":"https:\/\/www.hospitalbarrosluco.gob.cl\/dgti\/wp-json\/wp\/v2\/pages\/365"}],"collection":[{"href":"https:\/\/www.hospitalbarrosluco.gob.cl\/dgti\/wp-json\/wp\/v2\/pages"}],"about":[{"href":"https:\/\/www.hospitalbarrosluco.gob.cl\/dgti\/wp-json\/wp\/v2\/types\/page"}],"author":[{"embeddable":true,"href":"https:\/\/www.hospitalbarrosluco.gob.cl\/dgti\/wp-json\/wp\/v2\/users\/4"}],"replies":[{"embeddable":true,"href":"https:\/\/www.hospitalbarrosluco.gob.cl\/dgti\/wp-json\/wp\/v2\/comments?post=365"}],"version-history":[{"count":12,"href":"https:\/\/www.hospitalbarrosluco.gob.cl\/dgti\/wp-json\/wp\/v2\/pages\/365\/revisions"}],"predecessor-version":[{"id":1645,"href":"https:\/\/www.hospitalbarrosluco.gob.cl\/dgti\/wp-json\/wp\/v2\/pages\/365\/revisions\/1645"}],"wp:featuredmedia":[{"embeddable":true,"href":"https:\/\/www.hospitalbarrosluco.gob.cl\/dgti\/wp-json\/wp\/v2\/media\/540"}],"wp:attachment":[{"href":"https:\/\/www.hospitalbarrosluco.gob.cl\/dgti\/wp-json\/wp\/v2\/media?parent=365"}],"curies":[{"name":"wp","href":"https:\/\/api.w.org\/{rel}","templated":true}]}}