{"id":367,"date":"2022-03-29T15:47:52","date_gmt":"2022-03-29T18:47:52","guid":{"rendered":"https:\/\/www.hospitalbarrosluco.gob.cl\/dgti\/?page_id=367"},"modified":"2022-08-03T09:31:15","modified_gmt":"2022-08-03T12:31:15","slug":"equipo","status":"publish","type":"page","link":"https:\/\/www.hospitalbarrosluco.gob.cl\/dgti\/equipo\/","title":{"rendered":"Equipo"},"content":{"rendered":"\n<div class=\"wp-block-columns\">\n<div class=\"wp-block-column\">\n<div class=\"wp-block-image\"><figure class=\"alignleft size-full\"><img loading=\"lazy\" width=\"500\" height=\"50\" src=\"https:\/\/www.hospitalbarrosluco.gob.cl\/dgti\/wp-content\/uploads\/2022\/05\/BarraEquipo1.png\" alt=\"\" class=\"wp-image-863\" srcset=\"https:\/\/www.hospitalbarrosluco.gob.cl\/dgti\/wp-content\/uploads\/2022\/05\/BarraEquipo1.png 500w, https:\/\/www.hospitalbarrosluco.gob.cl\/dgti\/wp-content\/uploads\/2022\/05\/BarraEquipo1-300x30.png 300w\" sizes=\"(max-width: 500px) 100vw, 500px\" \/><\/figure><\/div>\n<\/div>\n<\/div>\n\n\n\n<p>Responsable de definir los lineamientos estrat\u00e9gicos del Hospital en las \u00e1reas de las tecnolog\u00edas de la informaci\u00f3n y telecomunicaciones, con el fin de gestionar servicios orientados a la mejora continua, generando iniciativas y estrategias de \u00edndole tecnol\u00f3gica, que permiten optimizar el uso de los recursos y apoyar los procesos de atenci\u00f3n de nuestros pacientes.<br>En una mirada funcional, este departamento apoya transversalmente a toda la organizaci\u00f3n en lo referente al desarrollo e implementaci\u00f3n de nuevas tecnolog\u00edas de informaci\u00f3n en el \u00e1mbito de la salud, entregando herramientas para su utilizaci\u00f3n y tambi\u00e9n otorgando el soporte necesario para su normal funcionamiento, manteniendo la continuidad operacional vinculada a los flujos de informaci\u00f3n.<br>Consta de tres unidades: Unidad de Seguridad de la informaci\u00f3n e infraestructura tecnol\u00f3gica, la Unidad Desarrollo e Interoperabilidad y la Unidad de Proyectos Cl\u00ednicos, la que apoya el dise\u00f1o e implementaci\u00f3n de los sistemas en desarrollo.<\/p>\n\n\n\n<p>A continuaci\u00f3n, haga clic sobre las barras para plegar\/desplegar y leer una breve descripci\u00f3n de las unidades de nuestro equipo:<\/p>\n\n\n\n<div class=\"wp-block-atomic-blocks-ab-accordion ab-block-accordion\"><details><summary class=\"ab-accordion-title\"><strong>Unidad de Infraestructura y Seguridad<\/strong><\/summary><div class=\"ab-accordion-text\">\n<p>Encargada de la implementaci\u00f3n y cumplimiento de las pol\u00edticas y procedimientos de seguridad de la informaci\u00f3n, que buscan mantener la integridad, disponibilidad y confidencialidad en todos los procesos de soporte inform\u00e1tico como sistemas de informaci\u00f3n, hardware, redes y toda iniciativa de \u00edndole tecnol\u00f3gico.<\/p>\n\n\n\n<p>Tambi\u00e9n es la unidad encargada de gestionar los servicios de centro de datos, redes inform\u00e1ticas y soporte t\u00e9cnico, que permiten la continuidad operacional de todos los sistemas inform\u00e1ticos que dan apoyo a los procesos cl\u00ednicos y\/o administrativos definidos.<\/p>\n\n\n\n<p>La Unidad se compone de las \u00e1reas de:<br>&#8211; Seguridad de la Informaci\u00f3n.<br>&#8211; Soporte T\u00e9cnico de nivel 1, 2 y 3.<br>&#8211; Datacenter.<br>&#8211; Telecomunicaciones.<\/p>\n<\/div><\/details><\/div>\n\n\n\n<div class=\"wp-block-atomic-blocks-ab-accordion ab-block-accordion\"><details><summary class=\"ab-accordion-title\"><strong>Unidad de Desarrollo e Interoperabilidad<\/strong><\/summary><div class=\"ab-accordion-text\">\n<p>Encargada de generar iniciativas de informatizaci\u00f3n de los distintos procesos cl\u00ednicos y\/o administrativos con un alto grado de interoperabilidad e innovaci\u00f3n alineados a los objetivos estrat\u00e9gicos del Hospital.<\/p>\n\n\n\n<p>La Unidad se compone de las secciones de:<br>&#8211; An\u00e1lisis de Requerimientos.<br>&#8211; Desarrollo de Software.<br>&#8211; Interoperabilidad.<br>&#8211; Aseguramiento de la calidad de software.<\/p>\n<\/div><\/details><\/div>\n\n\n\n<div class=\"wp-block-atomic-blocks-ab-accordion ab-block-accordion\"><details><summary class=\"ab-accordion-title\"><strong>Unidad de Proyectos Cl\u00ednicos<\/strong><\/summary><div class=\"ab-accordion-text\">\n<p>Encargada de validar los requerimientos t\u00e9cnicos de sistemas a un nivel cl\u00ednico, verificando su consistencia y cumplimiento en relaci\u00f3n a las normas de calidad establecidas.<\/p>\n\n\n\n<p>Esta unidad cuenta actualmente con una referente cl\u00ednico, que entrega apoyo transversal al desarrollo y la implementaci\u00f3n de nuestras nuevas soluciones tecnol\u00f3gicas en las que se trabaja actualmente.<\/p>\n<\/div><\/details><\/div>\n\n\n\n<div class=\"wp-block-atomic-blocks-ab-accordion ab-block-accordion\"><details><summary class=\"ab-accordion-title\"><strong>Organigrama<\/strong><\/summary><div class=\"ab-accordion-text\">\n<p>Haga clic en la imagen a continuaci\u00f3n para ver en grande nuestro organigrama del departamento.<\/p>\n\n\n\n<div class=\"wp-block-image\"><figure class=\"aligncenter size-large is-resized\"><a href=\"https:\/\/www.hospitalbarrosluco.gob.cl\/dgti\/wp-content\/uploads\/2022\/06\/Organigrama2.png\"><img loading=\"lazy\" src=\"https:\/\/www.hospitalbarrosluco.gob.cl\/dgti\/wp-content\/uploads\/2022\/06\/Organigrama2-1024x861.png\" alt=\"\" class=\"wp-image-1571\" width=\"512\" height=\"431\" srcset=\"https:\/\/www.hospitalbarrosluco.gob.cl\/dgti\/wp-content\/uploads\/2022\/06\/Organigrama2-1024x861.png 1024w, https:\/\/www.hospitalbarrosluco.gob.cl\/dgti\/wp-content\/uploads\/2022\/06\/Organigrama2-300x252.png 300w, https:\/\/www.hospitalbarrosluco.gob.cl\/dgti\/wp-content\/uploads\/2022\/06\/Organigrama2-768x646.png 768w, https:\/\/www.hospitalbarrosluco.gob.cl\/dgti\/wp-content\/uploads\/2022\/06\/Organigrama2-1536x1292.png 1536w, https:\/\/www.hospitalbarrosluco.gob.cl\/dgti\/wp-content\/uploads\/2022\/06\/Organigrama2-2048x1723.png 2048w, https:\/\/www.hospitalbarrosluco.gob.cl\/dgti\/wp-content\/uploads\/2022\/06\/Organigrama2-660x555.png 660w\" sizes=\"(max-width: 512px) 100vw, 512px\" \/><\/a><\/figure><\/div>\n<\/div><\/details><\/div>\n\n\n\n<div style=\"height:50px\" aria-hidden=\"true\" class=\"wp-block-spacer\"><\/div>\n","protected":false},"excerpt":{"rendered":"<p>Responsable de definir los lineamientos estrat\u00e9gicos del Hospital en las \u00e1reas de las tecnolog\u00edas de la informaci\u00f3n y telecomunicaciones, con el fin de gestionar servicios orientados a la mejora continua, generando iniciativas y estrategias de \u00edndole tecnol\u00f3gica, que permiten optimizar el uso de los recursos y apoyar los procesos de atenci\u00f3n de nuestros pacientes.En una [&hellip;]<\/p>\n","protected":false},"author":4,"featured_media":369,"parent":0,"menu_order":0,"comment_status":"closed","ping_status":"closed","template":"","meta":[],"featured_image_src":"https:\/\/www.hospitalbarrosluco.gob.cl\/dgti\/wp-content\/uploads\/2022\/03\/ForFotoCutTituloEQUIPO660x220px.png","featured_image_src_square":"https:\/\/www.hospitalbarrosluco.gob.cl\/dgti\/wp-content\/uploads\/2022\/03\/ForFotoCutTituloEQUIPO660x220px.png","_links":{"self":[{"href":"https:\/\/www.hospitalbarrosluco.gob.cl\/dgti\/wp-json\/wp\/v2\/pages\/367"}],"collection":[{"href":"https:\/\/www.hospitalbarrosluco.gob.cl\/dgti\/wp-json\/wp\/v2\/pages"}],"about":[{"href":"https:\/\/www.hospitalbarrosluco.gob.cl\/dgti\/wp-json\/wp\/v2\/types\/page"}],"author":[{"embeddable":true,"href":"https:\/\/www.hospitalbarrosluco.gob.cl\/dgti\/wp-json\/wp\/v2\/users\/4"}],"replies":[{"embeddable":true,"href":"https:\/\/www.hospitalbarrosluco.gob.cl\/dgti\/wp-json\/wp\/v2\/comments?post=367"}],"version-history":[{"count":92,"href":"https:\/\/www.hospitalbarrosluco.gob.cl\/dgti\/wp-json\/wp\/v2\/pages\/367\/revisions"}],"predecessor-version":[{"id":1697,"href":"https:\/\/www.hospitalbarrosluco.gob.cl\/dgti\/wp-json\/wp\/v2\/pages\/367\/revisions\/1697"}],"wp:featuredmedia":[{"embeddable":true,"href":"https:\/\/www.hospitalbarrosluco.gob.cl\/dgti\/wp-json\/wp\/v2\/media\/369"}],"wp:attachment":[{"href":"https:\/\/www.hospitalbarrosluco.gob.cl\/dgti\/wp-json\/wp\/v2\/media?parent=367"}],"curies":[{"name":"wp","href":"https:\/\/api.w.org\/{rel}","templated":true}]}}