{"id":371,"date":"2022-03-29T15:48:28","date_gmt":"2022-03-29T18:48:28","guid":{"rendered":"https:\/\/www.hospitalbarrosluco.gob.cl\/dgti\/?page_id=371"},"modified":"2022-08-04T18:10:29","modified_gmt":"2022-08-04T21:10:29","slug":"sistema-fis","status":"publish","type":"page","link":"https:\/\/www.hospitalbarrosluco.gob.cl\/dgti\/sistema-fis\/","title":{"rendered":"Sistema FIS"},"content":{"rendered":"\n<figure class=\"wp-block-image size-full\"><img loading=\"lazy\" width=\"500\" height=\"50\" src=\"https:\/\/www.hospitalbarrosluco.gob.cl\/dgti\/wp-content\/uploads\/2022\/08\/BarraParticipantesFIS.png\" alt=\"\" class=\"wp-image-1803\" srcset=\"https:\/\/www.hospitalbarrosluco.gob.cl\/dgti\/wp-content\/uploads\/2022\/08\/BarraParticipantesFIS.png 500w, https:\/\/www.hospitalbarrosluco.gob.cl\/dgti\/wp-content\/uploads\/2022\/08\/BarraParticipantesFIS-300x30.png 300w\" sizes=\"(max-width: 500px) 100vw, 500px\" \/><\/figure>\n\n\n\n<div class=\"wp-block-image\"><figure class=\"aligncenter size-large is-resized\"><a href=\"http:\/\/www.hospitalbarrosluco.cl\/dgti\/wp-content\/uploads\/2022\/08\/Esquema.png\"><img loading=\"lazy\" src=\"https:\/\/www.hospitalbarrosluco.gob.cl\/dgti\/wp-content\/uploads\/2022\/08\/Esquema-1024x462.png\" alt=\"\" class=\"wp-image-1777\" width=\"768\" height=\"347\" srcset=\"https:\/\/www.hospitalbarrosluco.gob.cl\/dgti\/wp-content\/uploads\/2022\/08\/Esquema-1024x462.png 1024w, https:\/\/www.hospitalbarrosluco.gob.cl\/dgti\/wp-content\/uploads\/2022\/08\/Esquema-300x135.png 300w, https:\/\/www.hospitalbarrosluco.gob.cl\/dgti\/wp-content\/uploads\/2022\/08\/Esquema-768x347.png 768w, https:\/\/www.hospitalbarrosluco.gob.cl\/dgti\/wp-content\/uploads\/2022\/08\/Esquema-660x298.png 660w, https:\/\/www.hospitalbarrosluco.gob.cl\/dgti\/wp-content\/uploads\/2022\/08\/Esquema.png 1426w\" sizes=\"(max-width: 768px) 100vw, 768px\" \/><\/a><figcaption>Haga cl\u00edc en la imagen para verla en mayor resoluci\u00f3n.<\/figcaption><\/figure><\/div>\n\n\n\n<div style=\"height:40px\" aria-hidden=\"true\" class=\"wp-block-spacer\"><\/div>\n\n\n\n<figure class=\"wp-block-image size-full\"><img loading=\"lazy\" width=\"500\" height=\"50\" src=\"https:\/\/www.hospitalbarrosluco.gob.cl\/dgti\/wp-content\/uploads\/2022\/08\/BarraEtapasSistemaFIS.png\" alt=\"\" class=\"wp-image-1805\" srcset=\"https:\/\/www.hospitalbarrosluco.gob.cl\/dgti\/wp-content\/uploads\/2022\/08\/BarraEtapasSistemaFIS.png 500w, https:\/\/www.hospitalbarrosluco.gob.cl\/dgti\/wp-content\/uploads\/2022\/08\/BarraEtapasSistemaFIS-300x30.png 300w\" sizes=\"(max-width: 500px) 100vw, 500px\" \/><\/figure>\n\n\n\n<p><strong><em>Periodo 2016 \u2013 2017:<\/em><\/strong><br>Sistema de farmacia actual obsoleto, por lo que Direcci\u00f3n del HBLT solicit\u00f3:<br>\u2022 Levantamiento de procesos AS \u2013 IS y TO &#8211; BE con referentes.<br>\u2022 Levantamiento brechas de equipamiento.<\/p>\n\n\n\n<p><strong><em>Periodo 2018 \u2013 2019:<\/em><\/strong><br>\u2022 Inicio de Parametrizaci\u00f3n del sistema FIS.<br>\u2022 Levantamiento de esquema general de Bodegas, Farmacias y Puntos de Dispensaci\u00f3n.<br>\u2022 Se Implementa el Sistema FIS abordando el flujo desde las Bodegas de Farmacias hasta sus respectivas puntos de dispensaci\u00f3n.<\/p>\n\n\n\n<p><strong><em>Actualidad:<\/em><\/strong><br>\u2022 Actualmente el sistema se encuentra en etapa de producci\u00f3n, lo que incluye trazabilidad entre abastecimiento, Bodegas y Puntos de dispensaci\u00f3n para los \u00e1mbitos de Hospitalizado y Ambulatorio.<\/p>\n\n\n\n<p><strong><em>Futuro:<\/em><\/strong><br>\u2022 Actualmente el DGTI se encuentra trabajando en la integraci\u00f3n bidireccional de la receta con el sistema de registro cl\u00ednico electr\u00f3nico NEXO del HBLT.<\/p>\n\n\n\n<div class=\"wp-block-image\"><figure class=\"aligncenter size-full is-resized\"><img loading=\"lazy\" src=\"https:\/\/www.hospitalbarrosluco.gob.cl\/dgti\/wp-content\/uploads\/2022\/08\/Futuro.png\" alt=\"\" class=\"wp-image-1776\" width=\"610\" height=\"493\" srcset=\"https:\/\/www.hospitalbarrosluco.gob.cl\/dgti\/wp-content\/uploads\/2022\/08\/Futuro.png 813w, https:\/\/www.hospitalbarrosluco.gob.cl\/dgti\/wp-content\/uploads\/2022\/08\/Futuro-300x242.png 300w, https:\/\/www.hospitalbarrosluco.gob.cl\/dgti\/wp-content\/uploads\/2022\/08\/Futuro-768x621.png 768w, https:\/\/www.hospitalbarrosluco.gob.cl\/dgti\/wp-content\/uploads\/2022\/08\/Futuro-660x533.png 660w\" sizes=\"(max-width: 610px) 100vw, 610px\" \/><\/figure><\/div>\n\n\n\n<div style=\"height:60px\" aria-hidden=\"true\" class=\"wp-block-spacer\"><\/div>\n","protected":false},"excerpt":{"rendered":"<p>Periodo 2016 \u2013 2017:Sistema de farmacia actual obsoleto, por lo que Direcci\u00f3n del HBLT solicit\u00f3:\u2022 Levantamiento de procesos AS \u2013 IS y TO &#8211; BE con referentes.\u2022 Levantamiento brechas de equipamiento. Periodo 2018 \u2013 2019:\u2022 Inicio de Parametrizaci\u00f3n del sistema FIS.\u2022 Levantamiento de esquema general de Bodegas, Farmacias y Puntos de Dispensaci\u00f3n.\u2022 Se Implementa el [&hellip;]<\/p>\n","protected":false},"author":4,"featured_media":579,"parent":0,"menu_order":0,"comment_status":"closed","ping_status":"closed","template":"","meta":[],"featured_image_src":"https:\/\/www.hospitalbarrosluco.gob.cl\/dgti\/wp-content\/uploads\/2022\/04\/ForFotoCutTituloFIS660x220px.png","featured_image_src_square":"https:\/\/www.hospitalbarrosluco.gob.cl\/dgti\/wp-content\/uploads\/2022\/04\/ForFotoCutTituloFIS660x220px.png","_links":{"self":[{"href":"https:\/\/www.hospitalbarrosluco.gob.cl\/dgti\/wp-json\/wp\/v2\/pages\/371"}],"collection":[{"href":"https:\/\/www.hospitalbarrosluco.gob.cl\/dgti\/wp-json\/wp\/v2\/pages"}],"about":[{"href":"https:\/\/www.hospitalbarrosluco.gob.cl\/dgti\/wp-json\/wp\/v2\/types\/page"}],"author":[{"embeddable":true,"href":"https:\/\/www.hospitalbarrosluco.gob.cl\/dgti\/wp-json\/wp\/v2\/users\/4"}],"replies":[{"embeddable":true,"href":"https:\/\/www.hospitalbarrosluco.gob.cl\/dgti\/wp-json\/wp\/v2\/comments?post=371"}],"version-history":[{"count":6,"href":"https:\/\/www.hospitalbarrosluco.gob.cl\/dgti\/wp-json\/wp\/v2\/pages\/371\/revisions"}],"predecessor-version":[{"id":1809,"href":"https:\/\/www.hospitalbarrosluco.gob.cl\/dgti\/wp-json\/wp\/v2\/pages\/371\/revisions\/1809"}],"wp:featuredmedia":[{"embeddable":true,"href":"https:\/\/www.hospitalbarrosluco.gob.cl\/dgti\/wp-json\/wp\/v2\/media\/579"}],"wp:attachment":[{"href":"https:\/\/www.hospitalbarrosluco.gob.cl\/dgti\/wp-json\/wp\/v2\/media?parent=371"}],"curies":[{"name":"wp","href":"https:\/\/api.w.org\/{rel}","templated":true}]}}