{"id":375,"date":"2022-03-29T15:49:57","date_gmt":"2022-03-29T18:49:57","guid":{"rendered":"https:\/\/www.hospitalbarrosluco.gob.cl\/dgti\/?page_id=375"},"modified":"2022-08-02T16:48:15","modified_gmt":"2022-08-02T19:48:15","slug":"sistema-lis","status":"publish","type":"page","link":"https:\/\/www.hospitalbarrosluco.gob.cl\/dgti\/sistema-lis\/","title":{"rendered":"Sistema LIS"},"content":{"rendered":"\n<div class=\"wp-block-image\"><figure class=\"aligncenter size-large is-resized\"><a href=\"http:\/\/www.hospitalbarrosluco.cl\/dgti\/wp-content\/uploads\/2022\/05\/Portal-Paciente.png\"><img loading=\"lazy\" src=\"https:\/\/www.hospitalbarrosluco.gob.cl\/dgti\/wp-content\/uploads\/2022\/05\/Portal-Paciente-1024x424.png\" alt=\"\" class=\"wp-image-1293\" width=\"512\" height=\"212\" srcset=\"https:\/\/www.hospitalbarrosluco.gob.cl\/dgti\/wp-content\/uploads\/2022\/05\/Portal-Paciente-1024x424.png 1024w, https:\/\/www.hospitalbarrosluco.gob.cl\/dgti\/wp-content\/uploads\/2022\/05\/Portal-Paciente-300x124.png 300w, https:\/\/www.hospitalbarrosluco.gob.cl\/dgti\/wp-content\/uploads\/2022\/05\/Portal-Paciente-768x318.png 768w, https:\/\/www.hospitalbarrosluco.gob.cl\/dgti\/wp-content\/uploads\/2022\/05\/Portal-Paciente-1536x636.png 1536w, https:\/\/www.hospitalbarrosluco.gob.cl\/dgti\/wp-content\/uploads\/2022\/05\/Portal-Paciente-660x273.png 660w, https:\/\/www.hospitalbarrosluco.gob.cl\/dgti\/wp-content\/uploads\/2022\/05\/Portal-Paciente.png 1683w\" sizes=\"(max-width: 512px) 100vw, 512px\" \/><\/a><\/figure><\/div>\n\n\n\n<p class=\"has-text-align-center has-small-font-size\"><em>Imagen de inicio de sesi\u00f3n del portal de LIS para pacientes, clic para ampliar.<\/em><\/p>\n\n\n\n<p>LIS (Laboratory Information System) se desarroll\u00f3 debido a que se necesitaba automatizar por entero el proceso y mejorar la disponibilidad de acceso a los resultados de ex\u00e1menes tanto a funcionarios como a pacientes de toda la red de salud del Servicio de Salud Metropolitano Sur.<\/p>\n\n\n\n<p>A continuaci\u00f3n podr\u00e1 leer m\u00e1s informaci\u00f3n de esta plataforma desplegando las barras haciendo clic sobre ellas.<\/p>\n\n\n\n<div class=\"wp-block-atomic-blocks-ab-accordion ab-block-accordion\"><details><summary class=\"ab-accordion-title\"><strong>Equipo de trabajo participante en Proyecto de Laboratorio<\/strong><\/summary><div class=\"ab-accordion-text\">\n<div class=\"wp-block-image\"><figure class=\"aligncenter size-large is-resized\"><a href=\"http:\/\/www.hospitalbarrosluco.cl\/dgti\/wp-content\/uploads\/2022\/05\/ImagLis1-1.png\"><img loading=\"lazy\" src=\"https:\/\/www.hospitalbarrosluco.gob.cl\/dgti\/wp-content\/uploads\/2022\/05\/ImagLis1-1-1024x592.png\" alt=\"\" class=\"wp-image-1328\" width=\"512\" height=\"296\" srcset=\"https:\/\/www.hospitalbarrosluco.gob.cl\/dgti\/wp-content\/uploads\/2022\/05\/ImagLis1-1-1024x592.png 1024w, https:\/\/www.hospitalbarrosluco.gob.cl\/dgti\/wp-content\/uploads\/2022\/05\/ImagLis1-1-300x173.png 300w, https:\/\/www.hospitalbarrosluco.gob.cl\/dgti\/wp-content\/uploads\/2022\/05\/ImagLis1-1-768x444.png 768w, https:\/\/www.hospitalbarrosluco.gob.cl\/dgti\/wp-content\/uploads\/2022\/05\/ImagLis1-1-660x381.png 660w, https:\/\/www.hospitalbarrosluco.gob.cl\/dgti\/wp-content\/uploads\/2022\/05\/ImagLis1-1.png 1488w\" sizes=\"(max-width: 512px) 100vw, 512px\" \/><\/a><\/figure><\/div>\n\n\n\n<p class=\"has-text-align-center\"><em><em>Gr\u00e1fica con servicios, departamentos y unidades que participaron del Proyecto de laboratorio que gener\u00f3 las bases para el desarrollo del sistema LIS. Haga clic en imagen para ampliar.<\/em><\/em><\/p>\n<\/div><\/details><\/div>\n\n\n\n<div class=\"wp-block-atomic-blocks-ab-accordion ab-block-accordion\"><details><summary class=\"ab-accordion-title\"><strong>Alcances del Sistema LIS<\/strong><\/summary><div class=\"ab-accordion-text\">\n<div class=\"wp-block-image\"><figure class=\"aligncenter size-large is-resized\"><a href=\"http:\/\/www.hospitalbarrosluco.cl\/dgti\/wp-content\/uploads\/2022\/05\/ImagLis2.png\"><img loading=\"lazy\" src=\"https:\/\/www.hospitalbarrosluco.gob.cl\/dgti\/wp-content\/uploads\/2022\/05\/ImagLis2-1024x507.png\" alt=\"\" class=\"wp-image-1302\" width=\"512\" height=\"254\" srcset=\"https:\/\/www.hospitalbarrosluco.gob.cl\/dgti\/wp-content\/uploads\/2022\/05\/ImagLis2-1024x507.png 1024w, https:\/\/www.hospitalbarrosluco.gob.cl\/dgti\/wp-content\/uploads\/2022\/05\/ImagLis2-300x149.png 300w, https:\/\/www.hospitalbarrosluco.gob.cl\/dgti\/wp-content\/uploads\/2022\/05\/ImagLis2-768x381.png 768w, https:\/\/www.hospitalbarrosluco.gob.cl\/dgti\/wp-content\/uploads\/2022\/05\/ImagLis2-1536x761.png 1536w, https:\/\/www.hospitalbarrosluco.gob.cl\/dgti\/wp-content\/uploads\/2022\/05\/ImagLis2-660x327.png 660w, https:\/\/www.hospitalbarrosluco.gob.cl\/dgti\/wp-content\/uploads\/2022\/05\/ImagLis2.png 1542w\" sizes=\"(max-width: 512px) 100vw, 512px\" \/><\/a><\/figure><\/div>\n\n\n\n<p class=\"has-text-align-center\"><em><em><em>Gr\u00e1fica con participantes y funcionalidades de LIS. Haga clic en imagen para ampliar.<\/em><\/em><\/em><\/p>\n\n\n\n<p>Est\u00e1 siendo utilizado LIS por personal cl\u00ednico, administrativo, profesionales de laboratorio y los usuarios de la red de salud que se atienden en establecimientos de la misma. <\/p>\n<\/div><\/details><\/div>\n\n\n\n<div class=\"wp-block-atomic-blocks-ab-accordion ab-block-accordion\"><details><summary class=\"ab-accordion-title\"><strong>Fechas importantes del Proyecto<\/strong><\/summary><div class=\"ab-accordion-text\">\n<div class=\"wp-block-image\"><figure class=\"aligncenter size-large is-resized\"><a href=\"http:\/\/www.hospitalbarrosluco.cl\/dgti\/wp-content\/uploads\/2022\/05\/ImagLis4.png\"><img loading=\"lazy\" src=\"https:\/\/www.hospitalbarrosluco.gob.cl\/dgti\/wp-content\/uploads\/2022\/05\/ImagLis4-1024x306.png\" alt=\"\" class=\"wp-image-1307\" width=\"768\" height=\"230\" srcset=\"https:\/\/www.hospitalbarrosluco.gob.cl\/dgti\/wp-content\/uploads\/2022\/05\/ImagLis4-1024x306.png 1024w, https:\/\/www.hospitalbarrosluco.gob.cl\/dgti\/wp-content\/uploads\/2022\/05\/ImagLis4-300x90.png 300w, https:\/\/www.hospitalbarrosluco.gob.cl\/dgti\/wp-content\/uploads\/2022\/05\/ImagLis4-768x230.png 768w, https:\/\/www.hospitalbarrosluco.gob.cl\/dgti\/wp-content\/uploads\/2022\/05\/ImagLis4-1536x459.png 1536w, https:\/\/www.hospitalbarrosluco.gob.cl\/dgti\/wp-content\/uploads\/2022\/05\/ImagLis4-660x197.png 660w, https:\/\/www.hospitalbarrosluco.gob.cl\/dgti\/wp-content\/uploads\/2022\/05\/ImagLis4.png 1626w\" sizes=\"(max-width: 768px) 100vw, 768px\" \/><\/a><\/figure><\/div>\n\n\n\n<p class=\"has-text-align-center\"><em><em><em><em>Gr\u00e1fica hitos en desarrollo del sistema LIS. Haga clic en imagen para ampliar.<\/em><\/em><\/em><\/em><\/p>\n\n\n\n<p><strong>Octubre 2018<\/strong><br>Levantamiento de procesos AS IS.<\/p>\n\n\n\n<p><strong>Noviembre-Diciembre 2018<\/strong><br>Levantamiento de procesos TO BE.<\/p>\n\n\n\n<p><strong>Enero-Junio 2019<\/strong><br>Levantamiento de requerimientos.<\/p>\n\n\n\n<p><strong>Julio 2019<\/strong><br>Parametrizaci\u00f3n del sistema + generaci\u00f3n de bloques de agenda de acuerdo a la oferta del Hospital.<\/p>\n\n\n\n<p><strong>22 y 23 Julio 2019<\/strong><br>Instalaci\u00f3n de accesos al sistema (Admisi\u00f3n-Auge-Toma de muestras).<\/p>\n\n\n\n<p><strong>24 de Julio 2019<\/strong><br>Inicio del sistema en Admisi\u00f3n-Agenda y Toma de muestras (despliegue de personal apoyo empresa y hospital).<\/p>\n\n\n\n<p><strong>Noviembre 2019<\/strong><br>Inicio toma de muestras (visualizar).<\/p>\n\n\n\n<p><strong>Diciembre 2019<\/strong><br>Inicio Sistema LIS (procesamiento+toma de muestras).<\/p>\n\n\n\n<p><strong>Enero 2020<\/strong><br>Inicio Sistema en Producci\u00f3n.<\/p>\n\n\n\n<p>Desde marzo del a\u00f1o 2020 est\u00e1 en producci\u00f3n el sistema LIS en Laboratorio HBLT y la implementaci\u00f3n en el resto de las dependencias del Hospital Barros Luco se llev\u00f3 a cabo en el a\u00f1o 2021, este a\u00f1o 2022 se avanza en la implementaci\u00f3n en los establecimientos de nuestra red de salud.<\/p>\n<\/div><\/details><\/div>\n\n\n\n<div class=\"wp-block-atomic-blocks-ab-accordion ab-block-accordion\"><details><summary class=\"ab-accordion-title\"><strong>Flujo de trabajo del Sistema LIS<\/strong><\/summary><div class=\"ab-accordion-text\">\n<div class=\"wp-block-image\"><figure class=\"aligncenter size-full\"><a href=\"http:\/\/www.hospitalbarrosluco.cl\/dgti\/wp-content\/uploads\/2022\/05\/ImagLis3.png\"><img loading=\"lazy\" width=\"901\" height=\"820\" src=\"https:\/\/www.hospitalbarrosluco.gob.cl\/dgti\/wp-content\/uploads\/2022\/05\/ImagLis3.png\" alt=\"\" class=\"wp-image-1324\" srcset=\"https:\/\/www.hospitalbarrosluco.gob.cl\/dgti\/wp-content\/uploads\/2022\/05\/ImagLis3.png 901w, https:\/\/www.hospitalbarrosluco.gob.cl\/dgti\/wp-content\/uploads\/2022\/05\/ImagLis3-300x273.png 300w, https:\/\/www.hospitalbarrosluco.gob.cl\/dgti\/wp-content\/uploads\/2022\/05\/ImagLis3-768x699.png 768w, https:\/\/www.hospitalbarrosluco.gob.cl\/dgti\/wp-content\/uploads\/2022\/05\/ImagLis3-660x601.png 660w\" sizes=\"(max-width: 901px) 100vw, 901px\" \/><\/a><\/figure><\/div>\n\n\n\n<p class=\"has-text-align-center\"><em><em><em><em>Gr\u00e1fica del flujo del sistema LIS. Haga clic en imagen para ampliar.<\/em><\/em><\/em><\/em><\/p>\n<\/div><\/details><\/div>\n\n\n\n<p>El software de LIS como tal fue provisto por la empresa Dedalus y la implementaci\u00f3n de este ha sido desarrollada en conjunto con DGTI y los profesionales del Laboratorio HBLT.<\/p>\n\n\n\n<div style=\"height:70px\" aria-hidden=\"true\" class=\"wp-block-spacer\"><\/div>\n","protected":false},"excerpt":{"rendered":"<p>Imagen de inicio de sesi\u00f3n del portal de LIS para pacientes, clic para ampliar. LIS (Laboratory Information System) se desarroll\u00f3 debido a que se necesitaba automatizar por entero el proceso y mejorar la disponibilidad de acceso a los resultados de ex\u00e1menes tanto a funcionarios como a pacientes de toda la red de salud del Servicio [&hellip;]<\/p>\n","protected":false},"author":4,"featured_media":580,"parent":0,"menu_order":0,"comment_status":"closed","ping_status":"closed","template":"","meta":[],"featured_image_src":"https:\/\/www.hospitalbarrosluco.gob.cl\/dgti\/wp-content\/uploads\/2022\/04\/ForFotoCutTituloLIS2v660x220px.png","featured_image_src_square":"https:\/\/www.hospitalbarrosluco.gob.cl\/dgti\/wp-content\/uploads\/2022\/04\/ForFotoCutTituloLIS2v660x220px.png","_links":{"self":[{"href":"https:\/\/www.hospitalbarrosluco.gob.cl\/dgti\/wp-json\/wp\/v2\/pages\/375"}],"collection":[{"href":"https:\/\/www.hospitalbarrosluco.gob.cl\/dgti\/wp-json\/wp\/v2\/pages"}],"about":[{"href":"https:\/\/www.hospitalbarrosluco.gob.cl\/dgti\/wp-json\/wp\/v2\/types\/page"}],"author":[{"embeddable":true,"href":"https:\/\/www.hospitalbarrosluco.gob.cl\/dgti\/wp-json\/wp\/v2\/users\/4"}],"replies":[{"embeddable":true,"href":"https:\/\/www.hospitalbarrosluco.gob.cl\/dgti\/wp-json\/wp\/v2\/comments?post=375"}],"version-history":[{"count":29,"href":"https:\/\/www.hospitalbarrosluco.gob.cl\/dgti\/wp-json\/wp\/v2\/pages\/375\/revisions"}],"predecessor-version":[{"id":1655,"href":"https:\/\/www.hospitalbarrosluco.gob.cl\/dgti\/wp-json\/wp\/v2\/pages\/375\/revisions\/1655"}],"wp:featuredmedia":[{"embeddable":true,"href":"https:\/\/www.hospitalbarrosluco.gob.cl\/dgti\/wp-json\/wp\/v2\/media\/580"}],"wp:attachment":[{"href":"https:\/\/www.hospitalbarrosluco.gob.cl\/dgti\/wp-json\/wp\/v2\/media?parent=375"}],"curies":[{"name":"wp","href":"https:\/\/api.w.org\/{rel}","templated":true}]}}