{"id":380,"date":"2022-03-29T15:52:23","date_gmt":"2022-03-29T18:52:23","guid":{"rendered":"https:\/\/www.hospitalbarrosluco.gob.cl\/dgti\/?page_id=380"},"modified":"2022-08-05T16:24:18","modified_gmt":"2022-08-05T19:24:18","slug":"mi-nexo","status":"publish","type":"page","link":"https:\/\/www.hospitalbarrosluco.gob.cl\/dgti\/mi-nexo\/","title":{"rendered":"Mi NEXO"},"content":{"rendered":"\n<p>Portal de funcionarios del HBLT, el cual permite manejar datos y contrase\u00f1as de los distintos aplicativos inform\u00e1ticos.<\/p>\n\n\n\n<figure class=\"wp-block-image size-full\"><img loading=\"lazy\" width=\"500\" height=\"50\" src=\"https:\/\/www.hospitalbarrosluco.gob.cl\/dgti\/wp-content\/uploads\/2022\/06\/BarraGesCamas2.png\" alt=\"\" class=\"wp-image-1495\" srcset=\"https:\/\/www.hospitalbarrosluco.gob.cl\/dgti\/wp-content\/uploads\/2022\/06\/BarraGesCamas2.png 500w, https:\/\/www.hospitalbarrosluco.gob.cl\/dgti\/wp-content\/uploads\/2022\/06\/BarraGesCamas2-300x30.png 300w\" sizes=\"(max-width: 500px) 100vw, 500px\" \/><\/figure>\n\n\n\n<p>\u2022 Permitir al funcionario obtener todos sus datos demogr\u00e1ficos en un solo lugar.<br>\u2022 Acceso a cambiar contrase\u00f1as personales de los distintos aplicativos utilizados en el HBLT.<br>\u2022 Visualizar todas las aplicaciones a las cuales el funcionario posee acceso.<br>\u2022 Interactuar con los distintos aplicativos que contiene la estrategia NEXO.<br>\u2022 Informaci\u00f3n del funcionario relacionada con servicio en el HBLT.<\/p>\n\n\n\n<div style=\"height:40px\" aria-hidden=\"true\" class=\"wp-block-spacer\"><\/div>\n\n\n\n<figure class=\"wp-block-image size-full\"><img loading=\"lazy\" width=\"500\" height=\"50\" src=\"https:\/\/www.hospitalbarrosluco.gob.cl\/dgti\/wp-content\/uploads\/2022\/08\/BarraModulosMiNexo.png\" alt=\"\" class=\"wp-image-1863\" srcset=\"https:\/\/www.hospitalbarrosluco.gob.cl\/dgti\/wp-content\/uploads\/2022\/08\/BarraModulosMiNexo.png 500w, https:\/\/www.hospitalbarrosluco.gob.cl\/dgti\/wp-content\/uploads\/2022\/08\/BarraModulosMiNexo-300x30.png 300w\" sizes=\"(max-width: 500px) 100vw, 500px\" \/><\/figure>\n\n\n\n<p>\u2022 Mi Perfil.<br>\u2022 Mi Servicio.<br>\u2022 Mi Firma.<br>\u2022 Mis Claves.<br>\u2022 Mis Accesos Nexo.<br>\u2022 Mis Sistemas.<br>\u2022 Chat HBLT.<br>\u2022 Mis Asignaciones.<\/p>\n\n\n\n<div style=\"height:40px\" aria-hidden=\"true\" class=\"wp-block-spacer\"><\/div>\n\n\n\n<figure class=\"wp-block-image size-full\"><img loading=\"lazy\" width=\"500\" height=\"50\" src=\"https:\/\/www.hospitalbarrosluco.gob.cl\/dgti\/wp-content\/uploads\/2022\/08\/BarraPagPrincipalMiNexo.png\" alt=\"\" class=\"wp-image-1864\" srcset=\"https:\/\/www.hospitalbarrosluco.gob.cl\/dgti\/wp-content\/uploads\/2022\/08\/BarraPagPrincipalMiNexo.png 500w, https:\/\/www.hospitalbarrosluco.gob.cl\/dgti\/wp-content\/uploads\/2022\/08\/BarraPagPrincipalMiNexo-300x30.png 300w\" sizes=\"(max-width: 500px) 100vw, 500px\" \/><\/figure>\n\n\n\n<div class=\"wp-block-image\"><figure class=\"aligncenter size-full is-resized\"><a href=\"https:\/\/www.hospitalbarrosluco.gob.cl\/dgti\/wp-content\/uploads\/2022\/08\/Principal.png\"><img loading=\"lazy\" src=\"https:\/\/www.hospitalbarrosluco.gob.cl\/dgti\/wp-content\/uploads\/2022\/08\/Principal.png\" alt=\"\" class=\"wp-image-1865\" width=\"519\" height=\"255\" srcset=\"https:\/\/www.hospitalbarrosluco.gob.cl\/dgti\/wp-content\/uploads\/2022\/08\/Principal.png 692w, https:\/\/www.hospitalbarrosluco.gob.cl\/dgti\/wp-content\/uploads\/2022\/08\/Principal-300x147.png 300w, https:\/\/www.hospitalbarrosluco.gob.cl\/dgti\/wp-content\/uploads\/2022\/08\/Principal-660x324.png 660w\" sizes=\"(max-width: 519px) 100vw, 519px\" \/><\/a><figcaption>Haga clic para ver m\u00e1s grande.<\/figcaption><\/figure><\/div>\n\n\n\n<div style=\"height:40px\" aria-hidden=\"true\" class=\"wp-block-spacer\"><\/div>\n\n\n\n<figure class=\"wp-block-image size-full\"><img loading=\"lazy\" width=\"500\" height=\"50\" src=\"https:\/\/www.hospitalbarrosluco.gob.cl\/dgti\/wp-content\/uploads\/2022\/08\/BarraClaveMiNexo.png\" alt=\"\" class=\"wp-image-1866\" srcset=\"https:\/\/www.hospitalbarrosluco.gob.cl\/dgti\/wp-content\/uploads\/2022\/08\/BarraClaveMiNexo.png 500w, https:\/\/www.hospitalbarrosluco.gob.cl\/dgti\/wp-content\/uploads\/2022\/08\/BarraClaveMiNexo-300x30.png 300w\" sizes=\"(max-width: 500px) 100vw, 500px\" \/><\/figure>\n\n\n\n<div class=\"wp-block-image\"><figure class=\"aligncenter size-full is-resized\"><a href=\"https:\/\/www.hospitalbarrosluco.cl\/dgti\/wp-content\/uploads\/2022\/08\/Mi-clave.jpg\"><img loading=\"lazy\" src=\"https:\/\/www.hospitalbarrosluco.gob.cl\/dgti\/wp-content\/uploads\/2022\/08\/Mi-clave.jpg\" alt=\"\" class=\"wp-image-1867\" width=\"530\" height=\"260\" srcset=\"https:\/\/www.hospitalbarrosluco.gob.cl\/dgti\/wp-content\/uploads\/2022\/08\/Mi-clave.jpg 707w, https:\/\/www.hospitalbarrosluco.gob.cl\/dgti\/wp-content\/uploads\/2022\/08\/Mi-clave-300x147.jpg 300w, https:\/\/www.hospitalbarrosluco.gob.cl\/dgti\/wp-content\/uploads\/2022\/08\/Mi-clave-660x324.jpg 660w\" sizes=\"(max-width: 530px) 100vw, 530px\" \/><\/a><figcaption>Haga clic para ver m\u00e1s grande.<\/figcaption><\/figure><\/div>\n\n\n\n<div style=\"height:40px\" aria-hidden=\"true\" class=\"wp-block-spacer\"><\/div>\n\n\n\n<figure class=\"wp-block-image size-full\"><img loading=\"lazy\" width=\"500\" height=\"50\" src=\"https:\/\/www.hospitalbarrosluco.gob.cl\/dgti\/wp-content\/uploads\/2022\/08\/BarraPerfilMiNexo.png\" alt=\"\" class=\"wp-image-1872\" srcset=\"https:\/\/www.hospitalbarrosluco.gob.cl\/dgti\/wp-content\/uploads\/2022\/08\/BarraPerfilMiNexo.png 500w, https:\/\/www.hospitalbarrosluco.gob.cl\/dgti\/wp-content\/uploads\/2022\/08\/BarraPerfilMiNexo-300x30.png 300w\" sizes=\"(max-width: 500px) 100vw, 500px\" \/><\/figure>\n\n\n\n<div class=\"wp-block-image\"><figure class=\"aligncenter size-full is-resized\"><a href=\"https:\/\/www.hospitalbarrosluco.cl\/dgti\/wp-content\/uploads\/2022\/08\/Mi-perfil.jpg\"><img loading=\"lazy\" src=\"https:\/\/www.hospitalbarrosluco.gob.cl\/dgti\/wp-content\/uploads\/2022\/08\/Mi-perfil.jpg\" alt=\"\" class=\"wp-image-1874\" width=\"530\" height=\"261\" srcset=\"https:\/\/www.hospitalbarrosluco.gob.cl\/dgti\/wp-content\/uploads\/2022\/08\/Mi-perfil.jpg 707w, https:\/\/www.hospitalbarrosluco.gob.cl\/dgti\/wp-content\/uploads\/2022\/08\/Mi-perfil-300x148.jpg 300w, https:\/\/www.hospitalbarrosluco.gob.cl\/dgti\/wp-content\/uploads\/2022\/08\/Mi-perfil-660x325.jpg 660w\" sizes=\"(max-width: 530px) 100vw, 530px\" \/><\/a><figcaption>Haga clic para ver m\u00e1s grande.<\/figcaption><\/figure><\/div>\n\n\n\n<div style=\"height:40px\" aria-hidden=\"true\" class=\"wp-block-spacer\"><\/div>\n\n\n\n<p>Mi Nexo se encuentra actualmente en funcionamiento, con la principal misi\u00f3n de permitir la actualizaci\u00f3n, cambio y reseteo de claves personales, en los distintos<br>aplicativos que cuenta actualmente el HBLT en su programa de transformaci\u00f3n digital, adem\u00e1s de proteger y evitar la vulneraci\u00f3n de datos sensibles de cada funcionario.<\/p>\n\n\n\n<div style=\"height:40px\" aria-hidden=\"true\" class=\"wp-block-spacer\"><\/div>\n","protected":false},"excerpt":{"rendered":"<p>Portal de funcionarios del HBLT, el cual permite manejar datos y contrase\u00f1as de los distintos aplicativos inform\u00e1ticos. \u2022 Permitir al funcionario obtener todos sus datos demogr\u00e1ficos en un solo lugar.\u2022 Acceso a cambiar contrase\u00f1as personales de los distintos aplicativos utilizados en el HBLT.\u2022 Visualizar todas las aplicaciones a las cuales el funcionario posee acceso.\u2022 Interactuar [&hellip;]<\/p>\n","protected":false},"author":4,"featured_media":575,"parent":0,"menu_order":0,"comment_status":"closed","ping_status":"closed","template":"","meta":[],"featured_image_src":"https:\/\/www.hospitalbarrosluco.gob.cl\/dgti\/wp-content\/uploads\/2022\/04\/ForFotoCutTituloMiNexo660x220px.png","featured_image_src_square":"https:\/\/www.hospitalbarrosluco.gob.cl\/dgti\/wp-content\/uploads\/2022\/04\/ForFotoCutTituloMiNexo660x220px.png","_links":{"self":[{"href":"https:\/\/www.hospitalbarrosluco.gob.cl\/dgti\/wp-json\/wp\/v2\/pages\/380"}],"collection":[{"href":"https:\/\/www.hospitalbarrosluco.gob.cl\/dgti\/wp-json\/wp\/v2\/pages"}],"about":[{"href":"https:\/\/www.hospitalbarrosluco.gob.cl\/dgti\/wp-json\/wp\/v2\/types\/page"}],"author":[{"embeddable":true,"href":"https:\/\/www.hospitalbarrosluco.gob.cl\/dgti\/wp-json\/wp\/v2\/users\/4"}],"replies":[{"embeddable":true,"href":"https:\/\/www.hospitalbarrosluco.gob.cl\/dgti\/wp-json\/wp\/v2\/comments?post=380"}],"version-history":[{"count":6,"href":"https:\/\/www.hospitalbarrosluco.gob.cl\/dgti\/wp-json\/wp\/v2\/pages\/380\/revisions"}],"predecessor-version":[{"id":1876,"href":"https:\/\/www.hospitalbarrosluco.gob.cl\/dgti\/wp-json\/wp\/v2\/pages\/380\/revisions\/1876"}],"wp:featuredmedia":[{"embeddable":true,"href":"https:\/\/www.hospitalbarrosluco.gob.cl\/dgti\/wp-json\/wp\/v2\/media\/575"}],"wp:attachment":[{"href":"https:\/\/www.hospitalbarrosluco.gob.cl\/dgti\/wp-json\/wp\/v2\/media?parent=380"}],"curies":[{"name":"wp","href":"https:\/\/api.w.org\/{rel}","templated":true}]}}