{"id":382,"date":"2022-03-29T15:53:19","date_gmt":"2022-03-29T18:53:19","guid":{"rendered":"https:\/\/www.hospitalbarrosluco.gob.cl\/dgti\/?page_id=382"},"modified":"2022-08-04T18:21:26","modified_gmt":"2022-08-04T21:21:26","slug":"nexo-estadisticas","status":"publish","type":"page","link":"https:\/\/www.hospitalbarrosluco.gob.cl\/dgti\/nexo-estadisticas\/","title":{"rendered":"Estad\u00edsticas"},"content":{"rendered":"\n<p>M\u00f3dulo Estad\u00edstico, el cual entrega visualizaciones de estad\u00edsticas de urgencia.<\/p>\n\n\n\n<figure class=\"wp-block-image size-full\"><img loading=\"lazy\" width=\"500\" height=\"50\" src=\"https:\/\/www.hospitalbarrosluco.gob.cl\/dgti\/wp-content\/uploads\/2022\/06\/BarraGesCamas2.png\" alt=\"\" class=\"wp-image-1495\" srcset=\"https:\/\/www.hospitalbarrosluco.gob.cl\/dgti\/wp-content\/uploads\/2022\/06\/BarraGesCamas2.png 500w, https:\/\/www.hospitalbarrosluco.gob.cl\/dgti\/wp-content\/uploads\/2022\/06\/BarraGesCamas2-300x30.png 300w\" sizes=\"(max-width: 500px) 100vw, 500px\" \/><\/figure>\n\n\n\n<p>\u2022 Entrega en tiempo real informaci\u00f3n estad\u00edstica de urgencia.<br>\u2022 Extracci\u00f3n de archivos con informaci\u00f3n completa y actualizada.<br>\u2022 Modulo de informaci\u00f3n relevante para toma de decisiones en la gesti\u00f3n hospitalaria.<\/p>\n\n\n\n<figure class=\"wp-block-image size-full\"><img loading=\"lazy\" width=\"500\" height=\"50\" src=\"https:\/\/www.hospitalbarrosluco.gob.cl\/dgti\/wp-content\/uploads\/2022\/08\/BarraInicioSesion.png\" alt=\"\" class=\"wp-image-1792\" srcset=\"https:\/\/www.hospitalbarrosluco.gob.cl\/dgti\/wp-content\/uploads\/2022\/08\/BarraInicioSesion.png 500w, https:\/\/www.hospitalbarrosluco.gob.cl\/dgti\/wp-content\/uploads\/2022\/08\/BarraInicioSesion-300x30.png 300w\" sizes=\"(max-width: 500px) 100vw, 500px\" \/><\/figure>\n\n\n\n<div class=\"wp-block-image\"><figure class=\"aligncenter size-full\"><img loading=\"lazy\" width=\"654\" height=\"330\" src=\"https:\/\/www.hospitalbarrosluco.gob.cl\/dgti\/wp-content\/uploads\/2022\/08\/inicioSesion.png\" alt=\"\" class=\"wp-image-1811\" srcset=\"https:\/\/www.hospitalbarrosluco.gob.cl\/dgti\/wp-content\/uploads\/2022\/08\/inicioSesion.png 654w, https:\/\/www.hospitalbarrosluco.gob.cl\/dgti\/wp-content\/uploads\/2022\/08\/inicioSesion-300x151.png 300w\" sizes=\"(max-width: 654px) 100vw, 654px\" \/><\/figure><\/div>\n\n\n\n<div style=\"height:30px\" aria-hidden=\"true\" class=\"wp-block-spacer\"><\/div>\n\n\n\n<figure class=\"wp-block-image size-full\"><img loading=\"lazy\" width=\"500\" height=\"50\" src=\"https:\/\/www.hospitalbarrosluco.gob.cl\/dgti\/wp-content\/uploads\/2022\/08\/BarraReporteDiario.png\" alt=\"\" class=\"wp-image-1812\" srcset=\"https:\/\/www.hospitalbarrosluco.gob.cl\/dgti\/wp-content\/uploads\/2022\/08\/BarraReporteDiario.png 500w, https:\/\/www.hospitalbarrosluco.gob.cl\/dgti\/wp-content\/uploads\/2022\/08\/BarraReporteDiario-300x30.png 300w\" sizes=\"(max-width: 500px) 100vw, 500px\" \/><\/figure>\n\n\n\n<div class=\"wp-block-image\"><figure class=\"aligncenter size-full\"><img loading=\"lazy\" width=\"659\" height=\"332\" src=\"https:\/\/www.hospitalbarrosluco.gob.cl\/dgti\/wp-content\/uploads\/2022\/08\/ReporteDiario.png\" alt=\"\" class=\"wp-image-1813\" srcset=\"https:\/\/www.hospitalbarrosluco.gob.cl\/dgti\/wp-content\/uploads\/2022\/08\/ReporteDiario.png 659w, https:\/\/www.hospitalbarrosluco.gob.cl\/dgti\/wp-content\/uploads\/2022\/08\/ReporteDiario-300x151.png 300w\" sizes=\"(max-width: 659px) 100vw, 659px\" \/><\/figure><\/div>\n\n\n\n<div style=\"height:30px\" aria-hidden=\"true\" class=\"wp-block-spacer\"><\/div>\n\n\n\n<figure class=\"wp-block-image size-full\"><img loading=\"lazy\" width=\"500\" height=\"50\" src=\"https:\/\/www.hospitalbarrosluco.gob.cl\/dgti\/wp-content\/uploads\/2022\/08\/BarraReporteIngUrge.png\" alt=\"\" class=\"wp-image-1814\" srcset=\"https:\/\/www.hospitalbarrosluco.gob.cl\/dgti\/wp-content\/uploads\/2022\/08\/BarraReporteIngUrge.png 500w, https:\/\/www.hospitalbarrosluco.gob.cl\/dgti\/wp-content\/uploads\/2022\/08\/BarraReporteIngUrge-300x30.png 300w\" sizes=\"(max-width: 500px) 100vw, 500px\" \/><\/figure>\n\n\n\n<div class=\"wp-block-image\"><figure class=\"aligncenter size-full\"><img loading=\"lazy\" width=\"661\" height=\"334\" src=\"https:\/\/www.hospitalbarrosluco.gob.cl\/dgti\/wp-content\/uploads\/2022\/08\/IngresosUrgencia.png\" alt=\"\" class=\"wp-image-1815\" srcset=\"https:\/\/www.hospitalbarrosluco.gob.cl\/dgti\/wp-content\/uploads\/2022\/08\/IngresosUrgencia.png 661w, https:\/\/www.hospitalbarrosluco.gob.cl\/dgti\/wp-content\/uploads\/2022\/08\/IngresosUrgencia-300x152.png 300w\" sizes=\"(max-width: 661px) 100vw, 661px\" \/><\/figure><\/div>\n\n\n\n<div style=\"height:30px\" aria-hidden=\"true\" class=\"wp-block-spacer\"><\/div>\n\n\n\n<figure class=\"wp-block-image size-full\"><img loading=\"lazy\" width=\"500\" height=\"50\" src=\"https:\/\/www.hospitalbarrosluco.gob.cl\/dgti\/wp-content\/uploads\/2022\/08\/BarraReporteVarios.png\" alt=\"\" class=\"wp-image-1816\" srcset=\"https:\/\/www.hospitalbarrosluco.gob.cl\/dgti\/wp-content\/uploads\/2022\/08\/BarraReporteVarios.png 500w, https:\/\/www.hospitalbarrosluco.gob.cl\/dgti\/wp-content\/uploads\/2022\/08\/BarraReporteVarios-300x30.png 300w\" sizes=\"(max-width: 500px) 100vw, 500px\" \/><\/figure>\n\n\n\n<div class=\"wp-block-image\"><figure class=\"aligncenter size-full\"><img loading=\"lazy\" width=\"661\" height=\"337\" src=\"https:\/\/www.hospitalbarrosluco.gob.cl\/dgti\/wp-content\/uploads\/2022\/08\/ReportesVarios.png\" alt=\"\" class=\"wp-image-1817\" srcset=\"https:\/\/www.hospitalbarrosluco.gob.cl\/dgti\/wp-content\/uploads\/2022\/08\/ReportesVarios.png 661w, https:\/\/www.hospitalbarrosluco.gob.cl\/dgti\/wp-content\/uploads\/2022\/08\/ReportesVarios-300x153.png 300w\" sizes=\"(max-width: 661px) 100vw, 661px\" \/><\/figure><\/div>\n\n\n\n<div style=\"height:50px\" aria-hidden=\"true\" class=\"wp-block-spacer\"><\/div>\n","protected":false},"excerpt":{"rendered":"<p>M\u00f3dulo Estad\u00edstico, el cual entrega visualizaciones de estad\u00edsticas de urgencia. \u2022 Entrega en tiempo real informaci\u00f3n estad\u00edstica de urgencia.\u2022 Extracci\u00f3n de archivos con informaci\u00f3n completa y actualizada.\u2022 Modulo de informaci\u00f3n relevante para toma de decisiones en la gesti\u00f3n hospitalaria.<\/p>\n","protected":false},"author":4,"featured_media":584,"parent":0,"menu_order":0,"comment_status":"closed","ping_status":"closed","template":"","meta":[],"featured_image_src":"https:\/\/www.hospitalbarrosluco.gob.cl\/dgti\/wp-content\/uploads\/2022\/04\/ForFotoCutTituloEstad660x220px.png","featured_image_src_square":"https:\/\/www.hospitalbarrosluco.gob.cl\/dgti\/wp-content\/uploads\/2022\/04\/ForFotoCutTituloEstad660x220px.png","_links":{"self":[{"href":"https:\/\/www.hospitalbarrosluco.gob.cl\/dgti\/wp-json\/wp\/v2\/pages\/382"}],"collection":[{"href":"https:\/\/www.hospitalbarrosluco.gob.cl\/dgti\/wp-json\/wp\/v2\/pages"}],"about":[{"href":"https:\/\/www.hospitalbarrosluco.gob.cl\/dgti\/wp-json\/wp\/v2\/types\/page"}],"author":[{"embeddable":true,"href":"https:\/\/www.hospitalbarrosluco.gob.cl\/dgti\/wp-json\/wp\/v2\/users\/4"}],"replies":[{"embeddable":true,"href":"https:\/\/www.hospitalbarrosluco.gob.cl\/dgti\/wp-json\/wp\/v2\/comments?post=382"}],"version-history":[{"count":4,"href":"https:\/\/www.hospitalbarrosluco.gob.cl\/dgti\/wp-json\/wp\/v2\/pages\/382\/revisions"}],"predecessor-version":[{"id":1818,"href":"https:\/\/www.hospitalbarrosluco.gob.cl\/dgti\/wp-json\/wp\/v2\/pages\/382\/revisions\/1818"}],"wp:featuredmedia":[{"embeddable":true,"href":"https:\/\/www.hospitalbarrosluco.gob.cl\/dgti\/wp-json\/wp\/v2\/media\/584"}],"wp:attachment":[{"href":"https:\/\/www.hospitalbarrosluco.gob.cl\/dgti\/wp-json\/wp\/v2\/media?parent=382"}],"curies":[{"name":"wp","href":"https:\/\/api.w.org\/{rel}","templated":true}]}}