{"id":384,"date":"2022-03-29T15:54:56","date_gmt":"2022-03-29T18:54:56","guid":{"rendered":"https:\/\/www.hospitalbarrosluco.gob.cl\/dgti\/?page_id=384"},"modified":"2022-06-07T17:07:54","modified_gmt":"2022-06-07T20:07:54","slug":"nexo-gestion-de-camas","status":"publish","type":"page","link":"https:\/\/www.hospitalbarrosluco.gob.cl\/dgti\/nexo-gestion-de-camas\/","title":{"rendered":"Gesti\u00f3n de Camas"},"content":{"rendered":"\n<figure class=\"wp-block-image size-full\"><img loading=\"lazy\" width=\"500\" height=\"50\" src=\"https:\/\/www.hospitalbarrosluco.gob.cl\/dgti\/wp-content\/uploads\/2022\/06\/BarraGesCamas2.png\" alt=\"\" class=\"wp-image-1495\" srcset=\"https:\/\/www.hospitalbarrosluco.gob.cl\/dgti\/wp-content\/uploads\/2022\/06\/BarraGesCamas2.png 500w, https:\/\/www.hospitalbarrosluco.gob.cl\/dgti\/wp-content\/uploads\/2022\/06\/BarraGesCamas2-300x30.png 300w\" sizes=\"(max-width: 500px) 100vw, 500px\" \/><\/figure>\n\n\n\n<p>-Agilizar y centralizar la disponibilidad de la informaci\u00f3n.<br>-Optimizar la administraci\u00f3n de recursos (RRHH, camas, equipos, otros).<br>-Entregar una visi\u00f3n global de Pacientes hospitalizados.<br>-Mejorar gesti\u00f3n de pacientes hospitalizados.<\/p>\n\n\n\n<div style=\"height:30px\" aria-hidden=\"true\" class=\"wp-block-spacer\"><\/div>\n\n\n\n<figure class=\"wp-block-image size-full\"><img loading=\"lazy\" width=\"500\" height=\"50\" src=\"https:\/\/www.hospitalbarrosluco.gob.cl\/dgti\/wp-content\/uploads\/2022\/06\/BarraGesCamas3.png\" alt=\"\" class=\"wp-image-1496\" srcset=\"https:\/\/www.hospitalbarrosluco.gob.cl\/dgti\/wp-content\/uploads\/2022\/06\/BarraGesCamas3.png 500w, https:\/\/www.hospitalbarrosluco.gob.cl\/dgti\/wp-content\/uploads\/2022\/06\/BarraGesCamas3-300x30.png 300w\" sizes=\"(max-width: 500px) 100vw, 500px\" \/><\/figure>\n\n\n\n<div class=\"wp-block-columns\">\n<div class=\"wp-block-column\">\n<div class=\"wp-block-columns\">\n<div class=\"wp-block-column\">\n<p><strong>Informaci\u00f3n Centralizada<\/strong><\/p>\n\n\n\n<div class=\"wp-block-columns\">\n<div class=\"wp-block-column\" style=\"flex-basis:5px\"><\/div>\n\n\n\n<div class=\"wp-block-column\">\n<p>-Permite la generaci\u00f3n de indicadores EAR.<br>-Evita errores y p\u00e9rdidas de informaci\u00f3n.<br>-Seguimiento de la trazabilidad del paciente.<\/p>\n<\/div>\n<\/div>\n\n\n\n<p><strong>Informaci\u00f3n disponible 24hrs.<\/strong><\/p>\n\n\n\n<div class=\"wp-block-columns\">\n<div class=\"wp-block-column\" style=\"flex-basis:5px\"><\/div>\n\n\n\n<div class=\"wp-block-column\">\n<p>-Apoyo en la toma de decisiones.<br>-Mejora el control de las camas hospitalarias.<br>-Permite distinguir pacientes de larga estad\u00eda.<br>-Permite tener una vista global y en tiempo real del hospital.<br>-Optimizaci\u00f3n de tiempos.<\/p>\n<\/div>\n<\/div>\n\n\n\n<p><strong>Gesti\u00f3n sobre datos.<\/strong><\/p>\n\n\n\n<div class=\"wp-block-columns\">\n<div class=\"wp-block-column\" style=\"flex-basis:5px\"><\/div>\n\n\n\n<div class=\"wp-block-column\">\n<p>-Permite la generaci\u00f3n de indicadores EAR.<br>-Carga horaria.<br>-Respaldo de solicitudes de traslado.<br>-Administraci\u00f3n de insumos, equipos.<br>-Generaci\u00f3n de reportes y estad\u00edsticas.<\/p>\n<\/div>\n<\/div>\n<\/div>\n<\/div>\n<\/div>\n<\/div>\n\n\n\n<figure class=\"wp-block-image size-full\"><img loading=\"lazy\" width=\"500\" height=\"50\" src=\"https:\/\/www.hospitalbarrosluco.gob.cl\/dgti\/wp-content\/uploads\/2022\/06\/BarraGesCamas1.png\" alt=\"\" class=\"wp-image-1494\" srcset=\"https:\/\/www.hospitalbarrosluco.gob.cl\/dgti\/wp-content\/uploads\/2022\/06\/BarraGesCamas1.png 500w, https:\/\/www.hospitalbarrosluco.gob.cl\/dgti\/wp-content\/uploads\/2022\/06\/BarraGesCamas1-300x30.png 300w\" sizes=\"(max-width: 500px) 100vw, 500px\" \/><\/figure>\n\n\n\n<p><em>Clic en imagen abajo para ver en detalle el flujo.<\/em><\/p>\n\n\n\n<div class=\"wp-block-image\"><figure class=\"aligncenter size-large is-resized\"><a href=\"http:\/\/www.hospitalbarrosluco.cl\/dgti\/wp-content\/uploads\/2022\/06\/FlujoEDIT.png\"><img loading=\"lazy\" src=\"https:\/\/www.hospitalbarrosluco.gob.cl\/dgti\/wp-content\/uploads\/2022\/06\/FlujoEDIT-1024x432.png\" alt=\"\" class=\"wp-image-1493\" width=\"768\" height=\"324\" srcset=\"https:\/\/www.hospitalbarrosluco.gob.cl\/dgti\/wp-content\/uploads\/2022\/06\/FlujoEDIT-1024x432.png 1024w, https:\/\/www.hospitalbarrosluco.gob.cl\/dgti\/wp-content\/uploads\/2022\/06\/FlujoEDIT-300x126.png 300w, https:\/\/www.hospitalbarrosluco.gob.cl\/dgti\/wp-content\/uploads\/2022\/06\/FlujoEDIT-768x324.png 768w, https:\/\/www.hospitalbarrosluco.gob.cl\/dgti\/wp-content\/uploads\/2022\/06\/FlujoEDIT-1536x647.png 1536w, https:\/\/www.hospitalbarrosluco.gob.cl\/dgti\/wp-content\/uploads\/2022\/06\/FlujoEDIT-660x278.png 660w, https:\/\/www.hospitalbarrosluco.gob.cl\/dgti\/wp-content\/uploads\/2022\/06\/FlujoEDIT.png 2000w\" sizes=\"(max-width: 768px) 100vw, 768px\" \/><\/a><\/figure><\/div>\n\n\n\n<div style=\"height:100px\" aria-hidden=\"true\" class=\"wp-block-spacer\"><\/div>\n","protected":false},"excerpt":{"rendered":"<p>-Agilizar y centralizar la disponibilidad de la informaci\u00f3n.-Optimizar la administraci\u00f3n de recursos (RRHH, camas, equipos, otros).-Entregar una visi\u00f3n global de Pacientes hospitalizados.-Mejorar gesti\u00f3n de pacientes hospitalizados. Informaci\u00f3n Centralizada -Permite la generaci\u00f3n de indicadores EAR.-Evita errores y p\u00e9rdidas de informaci\u00f3n.-Seguimiento de la trazabilidad del paciente. Informaci\u00f3n disponible 24hrs. -Apoyo en la toma de decisiones.-Mejora el control [&hellip;]<\/p>\n","protected":false},"author":4,"featured_media":385,"parent":0,"menu_order":0,"comment_status":"closed","ping_status":"closed","template":"","meta":[],"featured_image_src":"https:\/\/www.hospitalbarrosluco.gob.cl\/dgti\/wp-content\/uploads\/2022\/03\/ForFotoCutTituloNexoGESCAM660x220px.png","featured_image_src_square":"https:\/\/www.hospitalbarrosluco.gob.cl\/dgti\/wp-content\/uploads\/2022\/03\/ForFotoCutTituloNexoGESCAM660x220px.png","_links":{"self":[{"href":"https:\/\/www.hospitalbarrosluco.gob.cl\/dgti\/wp-json\/wp\/v2\/pages\/384"}],"collection":[{"href":"https:\/\/www.hospitalbarrosluco.gob.cl\/dgti\/wp-json\/wp\/v2\/pages"}],"about":[{"href":"https:\/\/www.hospitalbarrosluco.gob.cl\/dgti\/wp-json\/wp\/v2\/types\/page"}],"author":[{"embeddable":true,"href":"https:\/\/www.hospitalbarrosluco.gob.cl\/dgti\/wp-json\/wp\/v2\/users\/4"}],"replies":[{"embeddable":true,"href":"https:\/\/www.hospitalbarrosluco.gob.cl\/dgti\/wp-json\/wp\/v2\/comments?post=384"}],"version-history":[{"count":17,"href":"https:\/\/www.hospitalbarrosluco.gob.cl\/dgti\/wp-json\/wp\/v2\/pages\/384\/revisions"}],"predecessor-version":[{"id":1525,"href":"https:\/\/www.hospitalbarrosluco.gob.cl\/dgti\/wp-json\/wp\/v2\/pages\/384\/revisions\/1525"}],"wp:featuredmedia":[{"embeddable":true,"href":"https:\/\/www.hospitalbarrosluco.gob.cl\/dgti\/wp-json\/wp\/v2\/media\/385"}],"wp:attachment":[{"href":"https:\/\/www.hospitalbarrosluco.gob.cl\/dgti\/wp-json\/wp\/v2\/media?parent=384"}],"curies":[{"name":"wp","href":"https:\/\/api.w.org\/{rel}","templated":true}]}}