{"id":395,"date":"2022-03-29T16:01:31","date_gmt":"2022-03-29T19:01:31","guid":{"rendered":"https:\/\/www.hospitalbarrosluco.gob.cl\/dgti\/?page_id=395"},"modified":"2025-12-19T17:52:35","modified_gmt":"2025-12-19T20:52:35","slug":"nube-hbl","status":"publish","type":"page","link":"https:\/\/www.hospitalbarrosluco.gob.cl\/dgti\/nube-hbl\/","title":{"rendered":"Nube del HBLT"},"content":{"rendered":"\n<p><strong>\u00bfQu\u00e9 podemos hacer con la NUBE?<\/strong><\/p>\n\n\n\n<ul><li>T\u00fa acceso es personalizado (Usuario y contrase\u00f1a) y seguro.<\/li><li>&#8211; Puedes crear, editar y eliminar archivos (carpetas, Word, Excel, otros).<\/li><li>&#8211; Puedes cargar y descargar archivos, desde y hacia el computador donde abra la nube.<\/li><li>&#8211; T\u00fa decides si compartes archivos (carpetas, Word, Excel, otros).<\/li><li>&#8211; Puedes realizar trabajos colaborativos con los archivos que compartes.<\/li><li>&#8211; Puedes realizar videoconferencias con usuarios de la NUBE.<\/li><li>&#8211; Puedes chatear con tus contactos de la NUBE.<\/li><li>&#8211; Puedes acceder desde cualquier equipo de la red del HBLT.<\/li><\/ul>\n\n\n\n<div style=\"height:30px\" aria-hidden=\"true\" class=\"wp-block-spacer\"><\/div>\n\n\n\n<p><strong>\u00bfC\u00f3mo puedo solicitar mis credenciales (Usuario y contrase\u00f1a)?<\/strong><\/p>\n\n\n\n<ol type=\"1\"><li>&#8211; Solicita tu formulario de acceso a la NUBE, al correo <a href=\"mailto:soportedgti@hblt.gob.cl\">soportedgti@hblt.gob.cl<\/a><\/li><li>&#8211; Completa los datos, debes indicar tu correo electr\u00f3nico, de preferencia Institucional, si no tienes, puede ser personal.<\/li><li>&#8211; Env\u00eda tu formulario rellenado en Word, despu\u00e9s firmado y escaneado, <strong>como respuesta<\/strong> al correo en el cual te lo enviaron inicialmente (de esta forma se mantiene tu n\u00famero de ticket).<\/li><li>&#8211; Llegar\u00e1 a tu correo el usuario y contrase\u00f1a de tu NUBE<\/li><\/ol>\n\n\n\n<div style=\"height:30px\" aria-hidden=\"true\" class=\"wp-block-spacer\"><\/div>\n\n\n\n<p><strong>\u00bfC\u00f3mo Accedo a la NUBE?<\/strong><\/p>\n\n\n\n<p>Utilizando el navegador Chrome ingresa al LINK: <a href=\"https:\/\/hblbox.hbl.local\/\">https:\/\/hblbox.hbl.local\/<\/a> o desde el icono en tu computador &#8220;Nube HBLT&#8221;<\/p>\n\n\n\n<p class=\"has-text-align-center\"><em>Te presentamos un peque\u00f1o video sobre la NUBE<\/em><\/p>\n\n\n\n<figure class=\"wp-block-video aligncenter\"><video controls src=\"https:\/\/www.hospitalbarrosluco.gob.cl\/dgti\/wp-content\/uploads\/2022\/05\/NUBE-HBLT.mp4\"><\/video><\/figure>\n\n\n\n<div style=\"height:100px\" aria-hidden=\"true\" class=\"wp-block-spacer\"><\/div>\n","protected":false},"excerpt":{"rendered":"<p>\u00bfQu\u00e9 podemos hacer con la NUBE? T\u00fa acceso es personalizado (Usuario y contrase\u00f1a) y seguro. &#8211; Puedes crear, editar y eliminar archivos (carpetas, Word, Excel, otros). &#8211; Puedes cargar y descargar archivos, desde y hacia el computador donde abra la nube. &#8211; T\u00fa decides si compartes archivos (carpetas, Word, Excel, otros). &#8211; Puedes realizar trabajos [&hellip;]<\/p>\n","protected":false},"author":4,"featured_media":396,"parent":0,"menu_order":0,"comment_status":"closed","ping_status":"closed","template":"","meta":[],"featured_image_src":"https:\/\/www.hospitalbarrosluco.gob.cl\/dgti\/wp-content\/uploads\/2022\/03\/ForFotoCutTituloNube660x220px.png","featured_image_src_square":"https:\/\/www.hospitalbarrosluco.gob.cl\/dgti\/wp-content\/uploads\/2022\/03\/ForFotoCutTituloNube660x220px.png","_links":{"self":[{"href":"https:\/\/www.hospitalbarrosluco.gob.cl\/dgti\/wp-json\/wp\/v2\/pages\/395"}],"collection":[{"href":"https:\/\/www.hospitalbarrosluco.gob.cl\/dgti\/wp-json\/wp\/v2\/pages"}],"about":[{"href":"https:\/\/www.hospitalbarrosluco.gob.cl\/dgti\/wp-json\/wp\/v2\/types\/page"}],"author":[{"embeddable":true,"href":"https:\/\/www.hospitalbarrosluco.gob.cl\/dgti\/wp-json\/wp\/v2\/users\/4"}],"replies":[{"embeddable":true,"href":"https:\/\/www.hospitalbarrosluco.gob.cl\/dgti\/wp-json\/wp\/v2\/comments?post=395"}],"version-history":[{"count":12,"href":"https:\/\/www.hospitalbarrosluco.gob.cl\/dgti\/wp-json\/wp\/v2\/pages\/395\/revisions"}],"predecessor-version":[{"id":2528,"href":"https:\/\/www.hospitalbarrosluco.gob.cl\/dgti\/wp-json\/wp\/v2\/pages\/395\/revisions\/2528"}],"wp:featuredmedia":[{"embeddable":true,"href":"https:\/\/www.hospitalbarrosluco.gob.cl\/dgti\/wp-json\/wp\/v2\/media\/396"}],"wp:attachment":[{"href":"https:\/\/www.hospitalbarrosluco.gob.cl\/dgti\/wp-json\/wp\/v2\/media?parent=395"}],"curies":[{"name":"wp","href":"https:\/\/api.w.org\/{rel}","templated":true}]}}