{"id":407,"date":"2022-03-29T16:05:43","date_gmt":"2022-03-29T19:05:43","guid":{"rendered":"https:\/\/www.hospitalbarrosluco.gob.cl\/dgti\/?page_id=407"},"modified":"2022-08-04T15:55:24","modified_gmt":"2022-08-04T18:55:24","slug":"sistema-ris-pacs","status":"publish","type":"page","link":"https:\/\/www.hospitalbarrosluco.gob.cl\/dgti\/sistema-ris-pacs\/","title":{"rendered":"Sistema RIS\/PACS"},"content":{"rendered":"\n<figure class=\"wp-block-image size-full\"><img loading=\"lazy\" width=\"500\" height=\"50\" src=\"https:\/\/www.hospitalbarrosluco.gob.cl\/dgti\/wp-content\/uploads\/2022\/08\/BarrasSisRIS1.png\" alt=\"\" class=\"wp-image-1780\" srcset=\"https:\/\/www.hospitalbarrosluco.gob.cl\/dgti\/wp-content\/uploads\/2022\/08\/BarrasSisRIS1.png 500w, https:\/\/www.hospitalbarrosluco.gob.cl\/dgti\/wp-content\/uploads\/2022\/08\/BarrasSisRIS1-300x30.png 300w\" sizes=\"(max-width: 500px) 100vw, 500px\" \/><\/figure>\n\n\n\n<p>\u2022 2012 Presentaci\u00f3n de necesidad de Digitalizar los procesos asociados a la solicitud, ejecuci\u00f3n y distribuci\u00f3n de ex\u00e1menes radiol\u00f3gicos que realiza la Unidad de Imagenolog\u00eda<br>\u2022 2013 Se desarrollaron las bases para un nuevo procesos licitatorio, centr\u00e1ndose en la producci\u00f3n de ex\u00e1menes de Imagenologia y en los procesos de negocios asociados<br>\u2022 2014 Inicio de proceso licitatorio que culmina con la adjudicaci\u00f3n del mismo a la Empresa CARESTREAM Healthcare<br>\u2022 2015 \u2013 2021 Modalidades en imagenolog\u00eda 100 % integradas al nuevo sistema con distribuci\u00f3n de im\u00e1genes y resultados en los servicios cl\u00ednicos.<br>\u2022 Actualidad: en situaci\u00f3n de prorroga de contrato y en preparaci\u00f3n de nuevo proceso licitatorio.<\/p>\n\n\n\n<div style=\"height:40px\" aria-hidden=\"true\" class=\"wp-block-spacer\"><\/div>\n\n\n\n<figure class=\"wp-block-image size-full\"><img loading=\"lazy\" width=\"500\" height=\"50\" src=\"https:\/\/www.hospitalbarrosluco.gob.cl\/dgti\/wp-content\/uploads\/2022\/08\/BarrasSisRIS2.png\" alt=\"\" class=\"wp-image-1781\" srcset=\"https:\/\/www.hospitalbarrosluco.gob.cl\/dgti\/wp-content\/uploads\/2022\/08\/BarrasSisRIS2.png 500w, https:\/\/www.hospitalbarrosluco.gob.cl\/dgti\/wp-content\/uploads\/2022\/08\/BarrasSisRIS2-300x30.png 300w\" sizes=\"(max-width: 500px) 100vw, 500px\" \/><\/figure>\n\n\n\n<div class=\"wp-block-image\"><figure class=\"aligncenter size-full is-resized\"><img loading=\"lazy\" src=\"https:\/\/www.hospitalbarrosluco.gob.cl\/dgti\/wp-content\/uploads\/2022\/08\/ModeloRis.png\" alt=\"\" class=\"wp-image-1783\" width=\"707\" height=\"368\" srcset=\"https:\/\/www.hospitalbarrosluco.gob.cl\/dgti\/wp-content\/uploads\/2022\/08\/ModeloRis.png 942w, https:\/\/www.hospitalbarrosluco.gob.cl\/dgti\/wp-content\/uploads\/2022\/08\/ModeloRis-300x156.png 300w, https:\/\/www.hospitalbarrosluco.gob.cl\/dgti\/wp-content\/uploads\/2022\/08\/ModeloRis-768x399.png 768w, https:\/\/www.hospitalbarrosluco.gob.cl\/dgti\/wp-content\/uploads\/2022\/08\/ModeloRis-660x343.png 660w\" sizes=\"(max-width: 707px) 100vw, 707px\" \/><\/figure><\/div>\n\n\n\n<div style=\"height:40px\" aria-hidden=\"true\" class=\"wp-block-spacer\"><\/div>\n\n\n\n<figure class=\"wp-block-image size-full\"><img loading=\"lazy\" width=\"500\" height=\"50\" src=\"https:\/\/www.hospitalbarrosluco.gob.cl\/dgti\/wp-content\/uploads\/2022\/08\/BarrasSisRIS3.png\" alt=\"\" class=\"wp-image-1782\" srcset=\"https:\/\/www.hospitalbarrosluco.gob.cl\/dgti\/wp-content\/uploads\/2022\/08\/BarrasSisRIS3.png 500w, https:\/\/www.hospitalbarrosluco.gob.cl\/dgti\/wp-content\/uploads\/2022\/08\/BarrasSisRIS3-300x30.png 300w\" sizes=\"(max-width: 500px) 100vw, 500px\" \/><\/figure>\n\n\n\n<p><strong><em>En preparaci\u00f3n de nuevo proceso de licitaci\u00f3n, cuyo objetivo es:<\/em><\/strong><\/p>\n\n\n\n<p>Implementar y mantener un Sistema de Digitalizaci\u00f3n de Im\u00e1genes M\u00e9dicas en \u201cCLOUD\u201d, bajo la modalidad de arriendo (SAAS), que contenga todos los componentes de infraestructura tecnol\u00f3gica, equipamiento, software de digitalizaci\u00f3n, conectividad y redes, almacenamiento, interoperabilidad, seguridad y mantenimiento del sistema, durante toda la vigencia del contrato para la red de establecimientos del Servicio de Salud Metropolitano Sur.<\/p>\n\n\n\n<div class=\"wp-block-image\"><figure class=\"aligncenter size-full\"><img loading=\"lazy\" width=\"246\" height=\"350\" src=\"https:\/\/www.hospitalbarrosluco.gob.cl\/dgti\/wp-content\/uploads\/2022\/08\/RedSSMS.png\" alt=\"\" class=\"wp-image-1784\" srcset=\"https:\/\/www.hospitalbarrosluco.gob.cl\/dgti\/wp-content\/uploads\/2022\/08\/RedSSMS.png 246w, https:\/\/www.hospitalbarrosluco.gob.cl\/dgti\/wp-content\/uploads\/2022\/08\/RedSSMS-211x300.png 211w\" sizes=\"(max-width: 246px) 100vw, 246px\" \/><\/figure><\/div>\n\n\n\n<div style=\"height:40px\" aria-hidden=\"true\" class=\"wp-block-spacer\"><\/div>\n\n\n\n<p><\/p>\n","protected":false},"excerpt":{"rendered":"<p>\u2022 2012 Presentaci\u00f3n de necesidad de Digitalizar los procesos asociados a la solicitud, ejecuci\u00f3n y distribuci\u00f3n de ex\u00e1menes radiol\u00f3gicos que realiza la Unidad de Imagenolog\u00eda\u2022 2013 Se desarrollaron las bases para un nuevo procesos licitatorio, centr\u00e1ndose en la producci\u00f3n de ex\u00e1menes de Imagenologia y en los procesos de negocios asociados\u2022 2014 Inicio de proceso licitatorio [&hellip;]<\/p>\n","protected":false},"author":4,"featured_media":581,"parent":0,"menu_order":0,"comment_status":"closed","ping_status":"closed","template":"","meta":[],"featured_image_src":"https:\/\/www.hospitalbarrosluco.gob.cl\/dgti\/wp-content\/uploads\/2022\/04\/ForFotoCutTituloRISPACS660x220px.png","featured_image_src_square":"https:\/\/www.hospitalbarrosluco.gob.cl\/dgti\/wp-content\/uploads\/2022\/04\/ForFotoCutTituloRISPACS660x220px.png","_links":{"self":[{"href":"https:\/\/www.hospitalbarrosluco.gob.cl\/dgti\/wp-json\/wp\/v2\/pages\/407"}],"collection":[{"href":"https:\/\/www.hospitalbarrosluco.gob.cl\/dgti\/wp-json\/wp\/v2\/pages"}],"about":[{"href":"https:\/\/www.hospitalbarrosluco.gob.cl\/dgti\/wp-json\/wp\/v2\/types\/page"}],"author":[{"embeddable":true,"href":"https:\/\/www.hospitalbarrosluco.gob.cl\/dgti\/wp-json\/wp\/v2\/users\/4"}],"replies":[{"embeddable":true,"href":"https:\/\/www.hospitalbarrosluco.gob.cl\/dgti\/wp-json\/wp\/v2\/comments?post=407"}],"version-history":[{"count":5,"href":"https:\/\/www.hospitalbarrosluco.gob.cl\/dgti\/wp-json\/wp\/v2\/pages\/407\/revisions"}],"predecessor-version":[{"id":1787,"href":"https:\/\/www.hospitalbarrosluco.gob.cl\/dgti\/wp-json\/wp\/v2\/pages\/407\/revisions\/1787"}],"wp:featuredmedia":[{"embeddable":true,"href":"https:\/\/www.hospitalbarrosluco.gob.cl\/dgti\/wp-json\/wp\/v2\/media\/581"}],"wp:attachment":[{"href":"https:\/\/www.hospitalbarrosluco.gob.cl\/dgti\/wp-json\/wp\/v2\/media?parent=407"}],"curies":[{"name":"wp","href":"https:\/\/api.w.org\/{rel}","templated":true}]}}