{"id":417,"date":"2022-03-30T14:24:14","date_gmt":"2022-03-30T17:24:14","guid":{"rendered":"https:\/\/www.hospitalbarrosluco.gob.cl\/dgti\/?page_id=417"},"modified":"2022-08-03T09:41:44","modified_gmt":"2022-08-03T12:41:44","slug":"cartera-de-servicios","status":"publish","type":"page","link":"https:\/\/www.hospitalbarrosluco.gob.cl\/dgti\/cartera-de-servicios\/","title":{"rendered":"Cartera de Servicios"},"content":{"rendered":"\n<div class=\"wp-container-6a08faca1531c wp-block-group\"><div class=\"wp-block-group__inner-container\">\n<div class=\"wp-container-6a08faca15124 wp-block-group\"><div class=\"wp-block-group__inner-container\">\n<div class=\"wp-container-6a08faca14ef4 wp-block-group\"><div class=\"wp-block-group__inner-container\">\n<figure class=\"wp-block-image size-full\"><img loading=\"lazy\" width=\"500\" height=\"50\" src=\"https:\/\/www.hospitalbarrosluco.gob.cl\/dgti\/wp-content\/uploads\/2022\/05\/BarrasCarteraDataCenter.png\" alt=\"\" class=\"wp-image-973\" srcset=\"https:\/\/www.hospitalbarrosluco.gob.cl\/dgti\/wp-content\/uploads\/2022\/05\/BarrasCarteraDataCenter.png 500w, https:\/\/www.hospitalbarrosluco.gob.cl\/dgti\/wp-content\/uploads\/2022\/05\/BarrasCarteraDataCenter-300x30.png 300w\" sizes=\"(max-width: 500px) 100vw, 500px\" \/><\/figure>\n\n\n\n<ul><li>Esta \u00e1rea del DGTI es la responsable, 24&#215;7, de la administraci\u00f3n, monitoreo y continuidad operativa de sus Data Centers (salas de servidores), en el cual se encuentran contenidos los servicios y sistemas utilizados por el HBLT.<\/li><li>A su vez, es responsable de la estrategia, administraci\u00f3n y ejecuci\u00f3n del almacenamiento y respaldo de toda la informaci\u00f3n, cl\u00ednica y administrativa, contenida en los Data Centers.<\/li><li>Coordina y vela por el cumplimiento de los est\u00e1ndares de infraestructura tecnol\u00f3gica, definidos por el DGTI, para todos los proyectos inform\u00e1ticos.<\/li><\/ul>\n<\/div><\/div>\n<\/div><\/div>\n<\/div><\/div>\n\n\n\n<div class=\"wp-container-6a08faca15726 wp-block-group\"><div class=\"wp-block-group__inner-container\">\n<div class=\"wp-container-6a08faca1554c wp-block-group\"><div class=\"wp-block-group__inner-container\">\n<div style=\"height:20px\" aria-hidden=\"true\" class=\"wp-block-spacer\"><\/div>\n\n\n\n<figure class=\"wp-block-image size-full\"><img loading=\"lazy\" width=\"500\" height=\"50\" src=\"https:\/\/www.hospitalbarrosluco.gob.cl\/dgti\/wp-content\/uploads\/2022\/05\/BarrasCarteraTeleco.png\" alt=\"\" class=\"wp-image-974\" srcset=\"https:\/\/www.hospitalbarrosluco.gob.cl\/dgti\/wp-content\/uploads\/2022\/05\/BarrasCarteraTeleco.png 500w, https:\/\/www.hospitalbarrosluco.gob.cl\/dgti\/wp-content\/uploads\/2022\/05\/BarrasCarteraTeleco-300x30.png 300w\" sizes=\"(max-width: 500px) 100vw, 500px\" \/><\/figure>\n\n\n\n<ul><li>Esta \u00e1rea del DGTI es la responsable de la administraci\u00f3n de las telecomunicaciones de todo el HBLT y sus Data Centers, as\u00ed como, del monitoreo y continuidad operativa en modalidad 24&#215;7.<\/li><li>Coordina y vela por el cumplimiento de los est\u00e1ndares de telecomunicaciones, definidos por el Ministerio de Salud, para todos los proyectos de conectividad de redes.<\/li><li>Planifica y gestiona las estrategias de crecimiento y mejora continua de la infraestructura de las redes del HBLT.<\/li><\/ul>\n<\/div><\/div>\n<\/div><\/div>\n\n\n\n<div class=\"wp-container-6a08faca1594a wp-block-group\"><div class=\"wp-block-group__inner-container\">\n<div style=\"height:20px\" aria-hidden=\"true\" class=\"wp-block-spacer\"><\/div>\n\n\n\n<figure class=\"wp-block-image size-full\"><img loading=\"lazy\" width=\"500\" height=\"50\" src=\"https:\/\/www.hospitalbarrosluco.gob.cl\/dgti\/wp-content\/uploads\/2022\/05\/BarrasCarteraSoporte.png\" alt=\"\" class=\"wp-image-976\" srcset=\"https:\/\/www.hospitalbarrosluco.gob.cl\/dgti\/wp-content\/uploads\/2022\/05\/BarrasCarteraSoporte.png 500w, https:\/\/www.hospitalbarrosluco.gob.cl\/dgti\/wp-content\/uploads\/2022\/05\/BarrasCarteraSoporte-300x30.png 300w\" sizes=\"(max-width: 500px) 100vw, 500px\" \/><\/figure>\n\n\n\n<ul><li>Esta \u00e1rea del DGTI es la responsable de asegurar la continuidad operativa para los usuarios del HBLT en modalidad 24&#215;7.<\/li><li>Adem\u00e1s cubre la recepci\u00f3n, an\u00e1lisis, categorizaci\u00f3n, priorizaci\u00f3n y soluci\u00f3n de las solicitudes (incidencias, consultas y\/o requerimientos) de los usuarios administrativos y cl\u00ednicos.<\/li><li>Su composici\u00f3n posee 3 niveles, los cuales desarrollan tareas t\u00e9cnicas, funcionales o de especialidad, seg\u00fan la complejidad de la solicitud. Adem\u00e1s, un \u00e1rea de inventario, encargada de mantener un control de los activos tecnol\u00f3gicos del HBLT.<\/li><li>El alcance de este equipo de especialistas, es dar servicio a los activos tecnol\u00f3gicos y de informaci\u00f3n pertenecientes al HBLT. <\/li><li>Haga clic sobre las barras a continuaci\u00f3n para revisar la cobertura por cada categor\u00eda:<\/li><\/ul>\n<\/div><\/div>\n\n\n\n<div style=\"height:20px\" aria-hidden=\"true\" class=\"wp-block-spacer\"><\/div>\n\n\n\n<div class=\"wp-block-atomic-blocks-ab-accordion ab-block-accordion\"><details><summary class=\"ab-accordion-title\"><strong>Hardware<\/strong><\/summary><div class=\"ab-accordion-text\">\n<p>&#8211; Equipos computacionales.<br>&#8211; Impresoras (b\u00e1sicas, multifuncionales, Etiquetas y matriz de punto).<br>&#8211; Perif\u00e9ricos (teclado, Mouse, lectores biom\u00e9tricos y lectores de c\u00f3digos de barra entre otros varios).<\/p>\n<\/div><\/details><\/div>\n\n\n\n<div class=\"wp-block-atomic-blocks-ab-accordion ab-block-accordion\"><details><summary class=\"ab-accordion-title\"><strong><strong>Software<\/strong><\/strong><\/summary><div class=\"ab-accordion-text\">\n<p>&#8211; Software b\u00e1sicos (Licenciados).<br>&#8211; Software especializados (Licenciados).<br>&#8211; Sistemas Operativos (Licenciados).<\/p>\n<\/div><\/details><\/div>\n\n\n\n<div class=\"wp-block-atomic-blocks-ab-accordion ab-block-accordion\"><details><summary class=\"ab-accordion-title\"><strong><strong>Redes<\/strong><\/strong><\/summary><div class=\"ab-accordion-text\">\n<p>&#8211; Telefon\u00eda IP.<br>&#8211; Puntos de Red.<br>&#8211; Servicios de comunicaciones locales.<br>&#8211; Servicios de conexi\u00f3n a Internet.<\/p>\n<\/div><\/details><\/div>\n\n\n\n<div class=\"wp-block-atomic-blocks-ab-accordion ab-block-accordion\"><details><summary class=\"ab-accordion-title\"><strong>Sistemas<\/strong><\/summary><div class=\"ab-accordion-text\">\n<p>&#8211; Control de acceso a los sistemas de desarrollo propio.<br>&#8211; Control de acceso a los sistemas contratados.<br>&#8211; Coordinaci\u00f3n con proveedores para resoluci\u00f3n de incidencias y requerimientos.<br>&#8211; Resoluci\u00f3n de incidencias y requerimientos relativos a desarrollos propios de nuestro departamento.<\/p>\n<\/div><\/details><\/div>\n\n\n\n<ul><li>Todo lo anterior, se logra gracias al trabajo en conjunto con las \u00e1reas de Data Center, Telecomunicaciones, Proyectos Cl\u00ednicos, Desarrollo e Interoperabilidad, as\u00ed como, de las empresas externas que tienen sistemas en el HBLT.<\/li><\/ul>\n\n\n\n<div style=\"height:20px\" aria-hidden=\"true\" class=\"wp-block-spacer\"><\/div>\n\n\n\n<div style=\"height:30px\" aria-hidden=\"true\" class=\"wp-block-spacer\"><\/div>\n","protected":false},"excerpt":{"rendered":"<p>Esta \u00e1rea del DGTI es la responsable, 24&#215;7, de la administraci\u00f3n, monitoreo y continuidad operativa de sus Data Centers (salas de servidores), en el cual se encuentran contenidos los servicios y sistemas utilizados por el HBLT. A su vez, es responsable de la estrategia, administraci\u00f3n y ejecuci\u00f3n del almacenamiento y respaldo de toda la informaci\u00f3n, [&hellip;]<\/p>\n","protected":false},"author":4,"featured_media":418,"parent":0,"menu_order":0,"comment_status":"closed","ping_status":"closed","template":"","meta":[],"featured_image_src":"https:\/\/www.hospitalbarrosluco.gob.cl\/dgti\/wp-content\/uploads\/2022\/03\/ForFotoCutTituloServicios660x220px.png","featured_image_src_square":"https:\/\/www.hospitalbarrosluco.gob.cl\/dgti\/wp-content\/uploads\/2022\/03\/ForFotoCutTituloServicios660x220px.png","_links":{"self":[{"href":"https:\/\/www.hospitalbarrosluco.gob.cl\/dgti\/wp-json\/wp\/v2\/pages\/417"}],"collection":[{"href":"https:\/\/www.hospitalbarrosluco.gob.cl\/dgti\/wp-json\/wp\/v2\/pages"}],"about":[{"href":"https:\/\/www.hospitalbarrosluco.gob.cl\/dgti\/wp-json\/wp\/v2\/types\/page"}],"author":[{"embeddable":true,"href":"https:\/\/www.hospitalbarrosluco.gob.cl\/dgti\/wp-json\/wp\/v2\/users\/4"}],"replies":[{"embeddable":true,"href":"https:\/\/www.hospitalbarrosluco.gob.cl\/dgti\/wp-json\/wp\/v2\/comments?post=417"}],"version-history":[{"count":34,"href":"https:\/\/www.hospitalbarrosluco.gob.cl\/dgti\/wp-json\/wp\/v2\/pages\/417\/revisions"}],"predecessor-version":[{"id":1705,"href":"https:\/\/www.hospitalbarrosluco.gob.cl\/dgti\/wp-json\/wp\/v2\/pages\/417\/revisions\/1705"}],"wp:featuredmedia":[{"embeddable":true,"href":"https:\/\/www.hospitalbarrosluco.gob.cl\/dgti\/wp-json\/wp\/v2\/media\/418"}],"wp:attachment":[{"href":"https:\/\/www.hospitalbarrosluco.gob.cl\/dgti\/wp-json\/wp\/v2\/media?parent=417"}],"curies":[{"name":"wp","href":"https:\/\/api.w.org\/{rel}","templated":true}]}}