{"id":420,"date":"2022-03-30T14:25:12","date_gmt":"2022-03-30T17:25:12","guid":{"rendered":"https:\/\/www.hospitalbarrosluco.gob.cl\/dgti\/?page_id=420"},"modified":"2022-06-07T17:11:30","modified_gmt":"2022-06-07T20:11:30","slug":"sisord","status":"publish","type":"page","link":"https:\/\/www.hospitalbarrosluco.gob.cl\/dgti\/sisord\/","title":{"rendered":"SISORD"},"content":{"rendered":"\n<figure class=\"wp-block-image size-full\"><img loading=\"lazy\" width=\"500\" height=\"50\" src=\"https:\/\/www.hospitalbarrosluco.gob.cl\/dgti\/wp-content\/uploads\/2022\/05\/BarrasSisord1.png\" alt=\"\" class=\"wp-image-1267\" srcset=\"https:\/\/www.hospitalbarrosluco.gob.cl\/dgti\/wp-content\/uploads\/2022\/05\/BarrasSisord1.png 500w, https:\/\/www.hospitalbarrosluco.gob.cl\/dgti\/wp-content\/uploads\/2022\/05\/BarrasSisord1-300x30.png 300w\" sizes=\"(max-width: 500px) 100vw, 500px\" \/><\/figure>\n\n\n\n<p>Unificar accesos y sistemas es el objetivo principal del NEXO HBLT y el m\u00f3dulo SISORD es el coraz\u00f3n de la integraci\u00f3n, entre sistemas externos e internos<\/p>\n\n\n\n<p>Haga clic en la imagen para verla ampliada y leer con mayor facilidad.<\/p>\n\n\n\n<div class=\"wp-block-image\"><figure class=\"aligncenter size-full is-resized\"><a href=\"http:\/\/www.hospitalbarrosluco.cl\/dgti\/wp-content\/uploads\/2022\/05\/ImagSisord1.png\"><img loading=\"lazy\" src=\"https:\/\/www.hospitalbarrosluco.gob.cl\/dgti\/wp-content\/uploads\/2022\/05\/ImagSisord1.png\" alt=\"\" class=\"wp-image-1271\" width=\"476\" height=\"298\" srcset=\"https:\/\/www.hospitalbarrosluco.gob.cl\/dgti\/wp-content\/uploads\/2022\/05\/ImagSisord1.png 952w, https:\/\/www.hospitalbarrosluco.gob.cl\/dgti\/wp-content\/uploads\/2022\/05\/ImagSisord1-300x188.png 300w, https:\/\/www.hospitalbarrosluco.gob.cl\/dgti\/wp-content\/uploads\/2022\/05\/ImagSisord1-768x481.png 768w, https:\/\/www.hospitalbarrosluco.gob.cl\/dgti\/wp-content\/uploads\/2022\/05\/ImagSisord1-660x413.png 660w\" sizes=\"(max-width: 476px) 100vw, 476px\" \/><\/a><\/figure><\/div>\n\n\n\n<div style=\"height:60px\" aria-hidden=\"true\" class=\"wp-block-spacer\"><\/div>\n\n\n\n<figure class=\"wp-block-image size-full\"><img loading=\"lazy\" width=\"500\" height=\"50\" src=\"https:\/\/www.hospitalbarrosluco.gob.cl\/dgti\/wp-content\/uploads\/2022\/05\/BarrasSisord2.png\" alt=\"\" class=\"wp-image-1268\" srcset=\"https:\/\/www.hospitalbarrosluco.gob.cl\/dgti\/wp-content\/uploads\/2022\/05\/BarrasSisord2.png 500w, https:\/\/www.hospitalbarrosluco.gob.cl\/dgti\/wp-content\/uploads\/2022\/05\/BarrasSisord2-300x30.png 300w\" sizes=\"(max-width: 500px) 100vw, 500px\" \/><\/figure>\n\n\n\n<figure class=\"wp-block-image size-large\"><img loading=\"lazy\" width=\"1024\" height=\"508\" src=\"https:\/\/www.hospitalbarrosluco.gob.cl\/dgti\/wp-content\/uploads\/2022\/05\/ImagSisord2-1024x508.png\" alt=\"\" class=\"wp-image-1285\" srcset=\"https:\/\/www.hospitalbarrosluco.gob.cl\/dgti\/wp-content\/uploads\/2022\/05\/ImagSisord2-1024x508.png 1024w, https:\/\/www.hospitalbarrosluco.gob.cl\/dgti\/wp-content\/uploads\/2022\/05\/ImagSisord2-300x149.png 300w, https:\/\/www.hospitalbarrosluco.gob.cl\/dgti\/wp-content\/uploads\/2022\/05\/ImagSisord2-768x381.png 768w, https:\/\/www.hospitalbarrosluco.gob.cl\/dgti\/wp-content\/uploads\/2022\/05\/ImagSisord2-660x327.png 660w, https:\/\/www.hospitalbarrosluco.gob.cl\/dgti\/wp-content\/uploads\/2022\/05\/ImagSisord2.png 1107w\" sizes=\"(max-width: 1024px) 100vw, 1024px\" \/><\/figure>\n\n\n\n<div style=\"height:60px\" aria-hidden=\"true\" class=\"wp-block-spacer\"><\/div>\n\n\n\n<figure class=\"wp-block-image size-full\"><img loading=\"lazy\" width=\"500\" height=\"50\" src=\"https:\/\/www.hospitalbarrosluco.gob.cl\/dgti\/wp-content\/uploads\/2022\/05\/BarrasSisord3-1.png\" alt=\"\" class=\"wp-image-1276\" srcset=\"https:\/\/www.hospitalbarrosluco.gob.cl\/dgti\/wp-content\/uploads\/2022\/05\/BarrasSisord3-1.png 500w, https:\/\/www.hospitalbarrosluco.gob.cl\/dgti\/wp-content\/uploads\/2022\/05\/BarrasSisord3-1-300x30.png 300w\" sizes=\"(max-width: 500px) 100vw, 500px\" \/><\/figure>\n\n\n\n<p><em>Haga clic en la imagen para verla en grande y leer con mayor facilidad.<\/em><\/p>\n\n\n\n<div class=\"wp-block-image\"><figure class=\"aligncenter size-large is-resized\"><a href=\"http:\/\/www.hospitalbarrosluco.cl\/dgti\/wp-content\/uploads\/2022\/05\/ImagSisord3.png\"><img loading=\"lazy\" src=\"https:\/\/www.hospitalbarrosluco.gob.cl\/dgti\/wp-content\/uploads\/2022\/05\/ImagSisord3-1024x594.png\" alt=\"\" class=\"wp-image-1280\" width=\"768\" height=\"446\" srcset=\"https:\/\/www.hospitalbarrosluco.gob.cl\/dgti\/wp-content\/uploads\/2022\/05\/ImagSisord3-1024x594.png 1024w, https:\/\/www.hospitalbarrosluco.gob.cl\/dgti\/wp-content\/uploads\/2022\/05\/ImagSisord3-300x174.png 300w, https:\/\/www.hospitalbarrosluco.gob.cl\/dgti\/wp-content\/uploads\/2022\/05\/ImagSisord3-768x446.png 768w, https:\/\/www.hospitalbarrosluco.gob.cl\/dgti\/wp-content\/uploads\/2022\/05\/ImagSisord3-660x383.png 660w, https:\/\/www.hospitalbarrosluco.gob.cl\/dgti\/wp-content\/uploads\/2022\/05\/ImagSisord3.png 1234w\" sizes=\"(max-width: 768px) 100vw, 768px\" \/><\/a><\/figure><\/div>\n\n\n\n<div style=\"height:100px\" aria-hidden=\"true\" class=\"wp-block-spacer\"><\/div>\n","protected":false},"excerpt":{"rendered":"<p>Unificar accesos y sistemas es el objetivo principal del NEXO HBLT y el m\u00f3dulo SISORD es el coraz\u00f3n de la integraci\u00f3n, entre sistemas externos e internos Haga clic en la imagen para verla ampliada y leer con mayor facilidad. Haga clic en la imagen para verla en grande y leer con mayor facilidad.<\/p>\n","protected":false},"author":4,"featured_media":421,"parent":0,"menu_order":0,"comment_status":"closed","ping_status":"closed","template":"","meta":[],"featured_image_src":"https:\/\/www.hospitalbarrosluco.gob.cl\/dgti\/wp-content\/uploads\/2022\/03\/ForFotoCutTituloNexoSISORD660x220px.png","featured_image_src_square":"https:\/\/www.hospitalbarrosluco.gob.cl\/dgti\/wp-content\/uploads\/2022\/03\/ForFotoCutTituloNexoSISORD660x220px.png","_links":{"self":[{"href":"https:\/\/www.hospitalbarrosluco.gob.cl\/dgti\/wp-json\/wp\/v2\/pages\/420"}],"collection":[{"href":"https:\/\/www.hospitalbarrosluco.gob.cl\/dgti\/wp-json\/wp\/v2\/pages"}],"about":[{"href":"https:\/\/www.hospitalbarrosluco.gob.cl\/dgti\/wp-json\/wp\/v2\/types\/page"}],"author":[{"embeddable":true,"href":"https:\/\/www.hospitalbarrosluco.gob.cl\/dgti\/wp-json\/wp\/v2\/users\/4"}],"replies":[{"embeddable":true,"href":"https:\/\/www.hospitalbarrosluco.gob.cl\/dgti\/wp-json\/wp\/v2\/comments?post=420"}],"version-history":[{"count":9,"href":"https:\/\/www.hospitalbarrosluco.gob.cl\/dgti\/wp-json\/wp\/v2\/pages\/420\/revisions"}],"predecessor-version":[{"id":1528,"href":"https:\/\/www.hospitalbarrosluco.gob.cl\/dgti\/wp-json\/wp\/v2\/pages\/420\/revisions\/1528"}],"wp:featuredmedia":[{"embeddable":true,"href":"https:\/\/www.hospitalbarrosluco.gob.cl\/dgti\/wp-json\/wp\/v2\/media\/421"}],"wp:attachment":[{"href":"https:\/\/www.hospitalbarrosluco.gob.cl\/dgti\/wp-json\/wp\/v2\/media?parent=420"}],"curies":[{"name":"wp","href":"https:\/\/api.w.org\/{rel}","templated":true}]}}