{"id":474,"date":"2022-04-01T15:52:22","date_gmt":"2022-04-01T18:52:22","guid":{"rendered":"https:\/\/www.hospitalbarrosluco.gob.cl\/dgti\/?page_id=474"},"modified":"2025-12-19T17:51:12","modified_gmt":"2025-12-19T20:51:12","slug":"formularios","status":"publish","type":"page","link":"https:\/\/www.hospitalbarrosluco.gob.cl\/dgti\/formularios\/","title":{"rendered":"Formularios"},"content":{"rendered":"\n<p><strong><u>Documentos utilizados<\/u><\/strong><\/p>\n\n\n\n<p>Todos los documentos deben ser enviados al correo <a href=\"mailto:soportedgti.cabl@redsalud.gob.cl\">soportedgti@hblt.gob.cl<\/a>, indicando en el cuerpo del mensaje la siguiente informaci\u00f3n:<\/p>\n\n\n\n<ul><li>&#8211; Nombre del usuario<\/li><li>&#8211; Anexo de contacto (si no tienen, el m\u00e1s cercano)<\/li><li>&#8211; Servicio, Departamento o Unidad<\/li><li>&#8211; Ubicaci\u00f3n (oficina, mes\u00f3n, box, sector, etc, etc)<\/li><li>&#8211; Horario disponible para revisi\u00f3n del caso<\/li><li>&#8211; ET del equipo (si corresponde)<\/li><li>&#8211; ID impresora HH (si corresponde)<\/li><\/ul>\n\n\n\n<div style=\"height:18px\" aria-hidden=\"true\" class=\"wp-block-spacer\"><\/div>\n\n\n\n<p>Clic para ver detalles de cada tipo de formulario a continuaci\u00f3n:<\/p>\n\n\n\n<div class=\"wp-block-columns\">\n<div class=\"wp-block-column\">\n<figure class=\"wp-block-image size-full\"><a href=\"https:\/\/www.hospitalbarrosluco.gob.cl\/dgti\/documento-crp\/\"><img loading=\"lazy\" width=\"300\" height=\"300\" src=\"https:\/\/www.hospitalbarrosluco.gob.cl\/dgti\/wp-content\/uploads\/2022\/05\/ForBotonFormCRP.png\" alt=\"\" class=\"wp-image-911\" srcset=\"https:\/\/www.hospitalbarrosluco.gob.cl\/dgti\/wp-content\/uploads\/2022\/05\/ForBotonFormCRP.png 300w, https:\/\/www.hospitalbarrosluco.gob.cl\/dgti\/wp-content\/uploads\/2022\/05\/ForBotonFormCRP-150x150.png 150w\" sizes=\"(max-width: 300px) 100vw, 300px\" \/><\/a><\/figure>\n<\/div>\n\n\n\n<div class=\"wp-block-column\">\n<figure class=\"wp-block-image size-full\"><a href=\"https:\/\/www.hospitalbarrosluco.gob.cl\/dgti\/control-de-acceso-a-sistemas-y-servicios\/\"><img loading=\"lazy\" width=\"300\" height=\"300\" src=\"https:\/\/www.hospitalbarrosluco.gob.cl\/dgti\/wp-content\/uploads\/2022\/05\/ForBotonFormACC.png\" alt=\"\" class=\"wp-image-912\" srcset=\"https:\/\/www.hospitalbarrosluco.gob.cl\/dgti\/wp-content\/uploads\/2022\/05\/ForBotonFormACC.png 300w, https:\/\/www.hospitalbarrosluco.gob.cl\/dgti\/wp-content\/uploads\/2022\/05\/ForBotonFormACC-150x150.png 150w\" sizes=\"(max-width: 300px) 100vw, 300px\" \/><\/a><\/figure>\n<\/div>\n\n\n\n<div class=\"wp-block-column\">\n<figure class=\"wp-block-image size-full\"><a href=\"https:\/\/www.hospitalbarrosluco.gob.cl\/dgti\/almacenamiento-compartido-seguro\/\"><img loading=\"lazy\" width=\"300\" height=\"300\" src=\"https:\/\/www.hospitalbarrosluco.gob.cl\/dgti\/wp-content\/uploads\/2022\/05\/ForBotonFormACS.png\" alt=\"\" class=\"wp-image-913\" srcset=\"https:\/\/www.hospitalbarrosluco.gob.cl\/dgti\/wp-content\/uploads\/2022\/05\/ForBotonFormACS.png 300w, https:\/\/www.hospitalbarrosluco.gob.cl\/dgti\/wp-content\/uploads\/2022\/05\/ForBotonFormACS-150x150.png 150w\" sizes=\"(max-width: 300px) 100vw, 300px\" \/><\/a><\/figure>\n<\/div>\n\n\n\n<div class=\"wp-block-column\">\n<figure class=\"wp-block-image size-full\"><a href=\"https:\/\/www.hospitalbarrosluco.gob.cl\/dgti\/poder-simple-para-acceso-de-terceros-a-correo-electronico\/\"><img loading=\"lazy\" width=\"300\" height=\"300\" src=\"https:\/\/www.hospitalbarrosluco.gob.cl\/dgti\/wp-content\/uploads\/2022\/05\/ForBotonFormPDS.png\" alt=\"\" class=\"wp-image-914\" srcset=\"https:\/\/www.hospitalbarrosluco.gob.cl\/dgti\/wp-content\/uploads\/2022\/05\/ForBotonFormPDS.png 300w, https:\/\/www.hospitalbarrosluco.gob.cl\/dgti\/wp-content\/uploads\/2022\/05\/ForBotonFormPDS-150x150.png 150w\" sizes=\"(max-width: 300px) 100vw, 300px\" \/><\/a><\/figure>\n<\/div>\n<\/div>\n\n\n\n<p><\/p>\n","protected":false},"excerpt":{"rendered":"<p>Documentos utilizados Todos los documentos deben ser enviados al correo soportedgti@hblt.gob.cl, indicando en el cuerpo del mensaje la siguiente informaci\u00f3n: &#8211; Nombre del usuario &#8211; Anexo de contacto (si no tienen, el m\u00e1s cercano) &#8211; Servicio, Departamento o Unidad &#8211; Ubicaci\u00f3n (oficina, mes\u00f3n, box, sector, etc, etc) &#8211; Horario disponible para revisi\u00f3n del caso &#8211; [&hellip;]<\/p>\n","protected":false},"author":4,"featured_media":475,"parent":0,"menu_order":0,"comment_status":"closed","ping_status":"closed","template":"","meta":[],"featured_image_src":"https:\/\/www.hospitalbarrosluco.gob.cl\/dgti\/wp-content\/uploads\/2022\/04\/ForFotoCutTituloGuiasRa660x220px.png","featured_image_src_square":"https:\/\/www.hospitalbarrosluco.gob.cl\/dgti\/wp-content\/uploads\/2022\/04\/ForFotoCutTituloGuiasRa660x220px.png","_links":{"self":[{"href":"https:\/\/www.hospitalbarrosluco.gob.cl\/dgti\/wp-json\/wp\/v2\/pages\/474"}],"collection":[{"href":"https:\/\/www.hospitalbarrosluco.gob.cl\/dgti\/wp-json\/wp\/v2\/pages"}],"about":[{"href":"https:\/\/www.hospitalbarrosluco.gob.cl\/dgti\/wp-json\/wp\/v2\/types\/page"}],"author":[{"embeddable":true,"href":"https:\/\/www.hospitalbarrosluco.gob.cl\/dgti\/wp-json\/wp\/v2\/users\/4"}],"replies":[{"embeddable":true,"href":"https:\/\/www.hospitalbarrosluco.gob.cl\/dgti\/wp-json\/wp\/v2\/comments?post=474"}],"version-history":[{"count":51,"href":"https:\/\/www.hospitalbarrosluco.gob.cl\/dgti\/wp-json\/wp\/v2\/pages\/474\/revisions"}],"predecessor-version":[{"id":2527,"href":"https:\/\/www.hospitalbarrosluco.gob.cl\/dgti\/wp-json\/wp\/v2\/pages\/474\/revisions\/2527"}],"wp:featuredmedia":[{"embeddable":true,"href":"https:\/\/www.hospitalbarrosluco.gob.cl\/dgti\/wp-json\/wp\/v2\/media\/475"}],"wp:attachment":[{"href":"https:\/\/www.hospitalbarrosluco.gob.cl\/dgti\/wp-json\/wp\/v2\/media?parent=474"}],"curies":[{"name":"wp","href":"https:\/\/api.w.org\/{rel}","templated":true}]}}