{"id":726,"date":"2022-05-06T17:24:57","date_gmt":"2022-05-06T20:24:57","guid":{"rendered":"https:\/\/www.hospitalbarrosluco.gob.cl\/dgti\/?page_id=726"},"modified":"2024-06-25T13:02:05","modified_gmt":"2024-06-25T16:02:05","slug":"tipos-de-malware","status":"publish","type":"page","link":"https:\/\/www.hospitalbarrosluco.gob.cl\/dgti\/tipos-de-malware\/","title":{"rendered":"Tipos de Malware"},"content":{"rendered":"\n<p>Malware es un t\u00e9rmino general para referirse a cualquier tipo de \u201cmalicious software\u201d (software malicioso) dise\u00f1ado para infiltrarse en su dispositivo sin su conocimiento. Hay muchos tipos de malware y cada uno busca sus objetivos de un modo diferente. Sin embargo, todas las variantes comparten dos rasgos definitorios: son ocultos y trabajan activamente en contra de los intereses de la persona atacada.<\/p>\n\n\n\n<p>En el listado a continuaci\u00f3n, puede revisar las descripciones de cada uno:<\/p>\n\n\n\n<div class=\"wp-block-atomic-blocks-ab-accordion ab-block-accordion\"><details><summary class=\"ab-accordion-title\"><strong>Gusano inform\u00e1tico<\/strong> <em>(clic para abrir)<\/em><\/summary><div class=\"ab-accordion-text\">\n<div class=\"wp-block-media-text alignwide is-stacked-on-mobile\" style=\"grid-template-columns:39% auto\"><figure class=\"wp-block-media-text__media\"><img loading=\"lazy\" width=\"800\" height=\"600\" src=\"https:\/\/www.hospitalbarrosluco.gob.cl\/dgti\/wp-content\/uploads\/2022\/05\/Gusano.png\" alt=\"\" class=\"wp-image-1344 size-full\" srcset=\"https:\/\/www.hospitalbarrosluco.gob.cl\/dgti\/wp-content\/uploads\/2022\/05\/Gusano.png 800w, https:\/\/www.hospitalbarrosluco.gob.cl\/dgti\/wp-content\/uploads\/2022\/05\/Gusano-300x225.png 300w, https:\/\/www.hospitalbarrosluco.gob.cl\/dgti\/wp-content\/uploads\/2022\/05\/Gusano-768x576.png 768w, https:\/\/www.hospitalbarrosluco.gob.cl\/dgti\/wp-content\/uploads\/2022\/05\/Gusano-660x495.png 660w\" sizes=\"(max-width: 800px) 100vw, 800px\" \/><\/figure><div class=\"wp-block-media-text__content\">\n<p><strong>Definici\u00f3n:<\/strong> Est\u00e1n dise\u00f1ados con un objetivo en mente, \u201cproliferar\u201d. Un gusano infecta un equipo y despu\u00e9s se replica y se extiende a dispositivos adicionales, permaneciendo activo en todas las m\u00e1quinas afectadas.<br><strong>Qu\u00e9 hace:<\/strong> Algunos gusanos act\u00faan como mensajeros para instalar malware adicional. Otros est\u00e1n dise\u00f1ados solo para extenderse y no causan da\u00f1o intencionadamente a las m\u00e1quinas anfitrionas, aunque siguen atestando las redes con sus demandas de ancho de banda.<\/p>\n<\/div><\/div>\n<\/div><\/details><\/div>\n\n\n\n<div class=\"wp-block-atomic-blocks-ab-accordion ab-block-accordion\"><details><summary class=\"ab-accordion-title\"><strong>Troyano o caballo de troya<\/strong> <em>(clic para abrir)<\/em><\/summary><div class=\"ab-accordion-text\">\n<div class=\"wp-block-media-text alignwide is-stacked-on-mobile\" style=\"grid-template-columns:39% auto\"><figure class=\"wp-block-media-text__media\"><img loading=\"lazy\" width=\"571\" height=\"644\" src=\"https:\/\/www.hospitalbarrosluco.gob.cl\/dgti\/wp-content\/uploads\/2022\/05\/CaballoTroya.png\" alt=\"\" class=\"wp-image-1345 size-full\" srcset=\"https:\/\/www.hospitalbarrosluco.gob.cl\/dgti\/wp-content\/uploads\/2022\/05\/CaballoTroya.png 571w, https:\/\/www.hospitalbarrosluco.gob.cl\/dgti\/wp-content\/uploads\/2022\/05\/CaballoTroya-266x300.png 266w\" sizes=\"(max-width: 571px) 100vw, 571px\" \/><\/figure><div class=\"wp-block-media-text__content\">\n<p><strong>Definici\u00f3n: <\/strong>Los antiguos poetas griegos hablaban de unos guerreros atenienses que se escondieron en un gigantesco caballo de madera para luego salir del interior, una vez que los troyanos lo arrastraron tras las murallas de la ciudad. Por tanto, un caballo de Troya es un veh\u00edculo que oculta atacantes.<br><strong>Qu\u00e9 hace:<\/strong> Se infiltra en el dispositivo de una v\u00edctima present\u00e1ndose como software leg\u00edtimo. Una vez instalado, el troyano se activa y, en ocasiones, llega incluso a descargar malware adicional.<\/p>\n<\/div><\/div>\n<\/div><\/details><\/div>\n\n\n\n<div class=\"wp-block-atomic-blocks-ab-accordion ab-block-accordion\"><details><summary class=\"ab-accordion-title\"><strong>Spyware<\/strong> <em>(clic para abrir)<\/em><\/summary><div class=\"ab-accordion-text\">\n<div class=\"wp-block-media-text alignwide is-stacked-on-mobile\" style=\"grid-template-columns:39% auto\"><figure class=\"wp-block-media-text__media\"><img loading=\"lazy\" width=\"700\" height=\"350\" src=\"https:\/\/www.hospitalbarrosluco.gob.cl\/dgti\/wp-content\/uploads\/2022\/05\/Spyware.jpg\" alt=\"\" class=\"wp-image-1346 size-full\" srcset=\"https:\/\/www.hospitalbarrosluco.gob.cl\/dgti\/wp-content\/uploads\/2022\/05\/Spyware.jpg 700w, https:\/\/www.hospitalbarrosluco.gob.cl\/dgti\/wp-content\/uploads\/2022\/05\/Spyware-300x150.jpg 300w, https:\/\/www.hospitalbarrosluco.gob.cl\/dgti\/wp-content\/uploads\/2022\/05\/Spyware-660x330.jpg 660w\" sizes=\"(max-width: 700px) 100vw, 700px\" \/><\/figure><div class=\"wp-block-media-text__content\">\n<p><strong>Definici\u00f3n:<\/strong> Programa esp\u00eda, es un programa parasitario que se auto-instala en el sistema operativo sin que el usuario pueda advertirlo.<br><strong>Qu\u00e9 hace: <\/strong>Recaba informaci\u00f3n sobre un dispositivo o red para luego envi\u00e1rsela al atacante. Los hackers suelen utilizar spyware para supervisar la actividad en Internet de una persona y recopilar datos personales, incluidas credenciales de inicio de sesi\u00f3n, n\u00fameros de tarjeta de cr\u00e9dito o informaci\u00f3n financiera, con el prop\u00f3sito de cometer fraude o robo de identidad.<\/p>\n<\/div><\/div>\n<\/div><\/details><\/div>\n\n\n\n<div class=\"wp-block-atomic-blocks-ab-accordion ab-block-accordion\"><details><summary class=\"ab-accordion-title\"><strong>Virus Inform\u00e1tico<\/strong> <em>(clic para abrir)<\/em><\/summary><div class=\"ab-accordion-text\">\n<div class=\"wp-block-media-text alignwide is-stacked-on-mobile\" style=\"grid-template-columns:39% auto\"><figure class=\"wp-block-media-text__media\"><img loading=\"lazy\" width=\"1024\" height=\"766\" src=\"https:\/\/www.hospitalbarrosluco.gob.cl\/dgti\/wp-content\/uploads\/2022\/05\/Virus-1024x766.png\" alt=\"\" class=\"wp-image-1347 size-full\" srcset=\"https:\/\/www.hospitalbarrosluco.gob.cl\/dgti\/wp-content\/uploads\/2022\/05\/Virus-1024x766.png 1024w, https:\/\/www.hospitalbarrosluco.gob.cl\/dgti\/wp-content\/uploads\/2022\/05\/Virus-300x224.png 300w, https:\/\/www.hospitalbarrosluco.gob.cl\/dgti\/wp-content\/uploads\/2022\/05\/Virus-768x575.png 768w, https:\/\/www.hospitalbarrosluco.gob.cl\/dgti\/wp-content\/uploads\/2022\/05\/Virus-1536x1149.png 1536w, https:\/\/www.hospitalbarrosluco.gob.cl\/dgti\/wp-content\/uploads\/2022\/05\/Virus-660x494.png 660w, https:\/\/www.hospitalbarrosluco.gob.cl\/dgti\/wp-content\/uploads\/2022\/05\/Virus.png 2048w\" sizes=\"(max-width: 1024px) 100vw, 1024px\" \/><\/figure><div class=\"wp-block-media-text__content\">\n<p><strong>Definici\u00f3n:<\/strong> Los virus Inform\u00e1ticos son un programa \/ software \/ aplicaci\u00f3n, creados con la intenci\u00f3n de modificar el correcto funcionamiento del dispositivo objetivo, sin el permiso ni el conocimiento del due\u00f1o o el usuario del dispositivo, con un fin il\u00edcito (malicioso) es pues el tipo m\u00e1s com\u00fan de Malware.<br><strong>Qu\u00e9 hace:<\/strong> Cuando un virus inform\u00e1tico se ejecuta, puede replicarse modificando otros programas e insertando su c\u00f3digo malicioso. Es el \u00fanico tipo de malware que puede \u00abinfectar\u00bb otros archivos y es uno de los tipos de malware m\u00e1s dif\u00edciles de eliminar.<\/p>\n<\/div><\/div>\n<\/div><\/details><\/div>\n\n\n\n<div class=\"wp-block-atomic-blocks-ab-accordion ab-block-accordion\"><details><summary class=\"ab-accordion-title\"><strong>Ransomware<\/strong> <em>(clic para abrir)<\/em><\/summary><div class=\"ab-accordion-text\">\n<div class=\"wp-block-media-text alignwide is-stacked-on-mobile\" style=\"grid-template-columns:39% auto\"><figure class=\"wp-block-media-text__media\"><img loading=\"lazy\" width=\"800\" height=\"605\" src=\"https:\/\/www.hospitalbarrosluco.gob.cl\/dgti\/wp-content\/uploads\/2022\/05\/Ransom.png\" alt=\"\" class=\"wp-image-1348 size-full\" srcset=\"https:\/\/www.hospitalbarrosluco.gob.cl\/dgti\/wp-content\/uploads\/2022\/05\/Ransom.png 800w, https:\/\/www.hospitalbarrosluco.gob.cl\/dgti\/wp-content\/uploads\/2022\/05\/Ransom-300x227.png 300w, https:\/\/www.hospitalbarrosluco.gob.cl\/dgti\/wp-content\/uploads\/2022\/05\/Ransom-768x581.png 768w, https:\/\/www.hospitalbarrosluco.gob.cl\/dgti\/wp-content\/uploads\/2022\/05\/Ransom-660x499.png 660w\" sizes=\"(max-width: 800px) 100vw, 800px\" \/><\/figure><div class=\"wp-block-media-text__content\">\n<p><strong>Definici\u00f3n:<\/strong> Es la versi\u00f3n malware de la nota de rescate de un secuestrador.<br><strong>Qu\u00e9 hace: <\/strong>Suele funcionar bloqueando o denegando el acceso a su dispositivo y sus archivos (cifra archivos y secuestra la clave necesaria para descifrarlos) hasta que pague un rescate al hacker.<\/p>\n<\/div><\/div>\n<\/div><\/details><\/div>\n\n\n\n<div style=\"height:60px\" aria-hidden=\"true\" class=\"wp-block-spacer\"><\/div>\n\n\n\n<div class=\"wp-block-columns\">\n<div class=\"wp-block-column\"><\/div>\n\n\n\n<div class=\"wp-block-column\" style=\"flex-basis:225px\">\n<figure class=\"wp-block-image size-full is-resized\"><a href=\"https:\/\/www.hospitalbarrosluco.gob.cl\/dgti\/seguridad-de-la-informacion\/\"><img loading=\"lazy\" src=\"https:\/\/www.hospitalbarrosluco.gob.cl\/dgti\/wp-content\/uploads\/2022\/05\/btnIntroSegv2.png\" alt=\"\" class=\"wp-image-731\" width=\"225\" height=\"75\"\/><\/a><\/figure>\n<\/div>\n\n\n\n<div class=\"wp-block-column\" style=\"flex-basis:225px\">\n<figure class=\"wp-block-image size-full\"><a href=\"https:\/\/www.hospitalbarrosluco.gob.cl\/dgti\/politicas-de-seguridad-de-la-informacion\/\"><img loading=\"lazy\" width=\"300\" height=\"100\" src=\"https:\/\/www.hospitalbarrosluco.gob.cl\/dgti\/wp-content\/uploads\/2022\/05\/btnPolitSegv2.png\" alt=\"\" class=\"wp-image-732\"\/><\/a><\/figure>\n<\/div>\n\n\n\n<div class=\"wp-block-column\" style=\"flex-basis:225px\">\n<figure class=\"wp-block-image size-full is-resized\"><a href=\"https:\/\/www.hospitalbarrosluco.gob.cl\/dgti\/correo-malicioso\/\"><img loading=\"lazy\" src=\"https:\/\/www.hospitalbarrosluco.gob.cl\/dgti\/wp-content\/uploads\/2022\/05\/btnCorMaliSegv2.png\" alt=\"\" class=\"wp-image-734\" width=\"225\" height=\"75\"\/><\/a><\/figure>\n<\/div>\n\n\n\n<div class=\"wp-block-column\"><\/div>\n<\/div>\n\n\n\n<div class=\"wp-block-columns\">\n<div class=\"wp-block-column\"><\/div>\n\n\n\n<div class=\"wp-block-column\" style=\"flex-basis:225px\">\n<figure class=\"wp-block-image size-full\"><a href=\"https:\/\/www.hospitalbarrosluco.gob.cl\/dgti\/formas-de-infectarnos\/\"><img loading=\"lazy\" width=\"300\" height=\"100\" src=\"https:\/\/www.hospitalbarrosluco.gob.cl\/dgti\/wp-content\/uploads\/2022\/05\/btnForInfecSegv2.png\" alt=\"\" class=\"wp-image-728\"\/><\/a><\/figure>\n<\/div>\n\n\n\n<div class=\"wp-block-column\" style=\"flex-basis:225px\">\n<figure class=\"wp-block-image size-full\"><a href=\"https:\/\/www.hospitalbarrosluco.gob.cl\/dgti\/formas-de-protegernos\/\"><img loading=\"lazy\" width=\"300\" height=\"100\" src=\"https:\/\/www.hospitalbarrosluco.gob.cl\/dgti\/wp-content\/uploads\/2022\/05\/btnForProteSegv2.png\" alt=\"\" class=\"wp-image-729\"\/><\/a><\/figure>\n<\/div>\n\n\n\n<div class=\"wp-block-column\" style=\"flex-basis:225px\">\n<figure class=\"wp-block-image size-full\"><a href=\"https:\/\/www.hospitalbarrosluco.gob.cl\/dgti\/infografias\/\"><img loading=\"lazy\" width=\"300\" height=\"100\" src=\"https:\/\/www.hospitalbarrosluco.gob.cl\/dgti\/wp-content\/uploads\/2022\/05\/btnInfograSegv2-1.png\" alt=\"\" class=\"wp-image-1355\"\/><\/a><\/figure>\n<\/div>\n\n\n\n<div class=\"wp-block-column\"><\/div>\n<\/div>\n\n\n\n<p><\/p>\n","protected":false},"excerpt":{"rendered":"<p>Malware es un t\u00e9rmino general para referirse a cualquier tipo de \u201cmalicious software\u201d (software malicioso) dise\u00f1ado para infiltrarse en su dispositivo sin su conocimiento. Hay muchos tipos de malware y cada uno busca sus objetivos de un modo diferente. Sin embargo, todas las variantes comparten dos rasgos definitorios: son ocultos y trabajan activamente en contra [&hellip;]<\/p>\n","protected":false},"author":4,"featured_media":410,"parent":0,"menu_order":0,"comment_status":"closed","ping_status":"closed","template":"","meta":[],"featured_image_src":"https:\/\/www.hospitalbarrosluco.gob.cl\/dgti\/wp-content\/uploads\/2022\/03\/ForFotoCutTituloSeguridad660x220px.png","featured_image_src_square":"https:\/\/www.hospitalbarrosluco.gob.cl\/dgti\/wp-content\/uploads\/2022\/03\/ForFotoCutTituloSeguridad660x220px.png","_links":{"self":[{"href":"https:\/\/www.hospitalbarrosluco.gob.cl\/dgti\/wp-json\/wp\/v2\/pages\/726"}],"collection":[{"href":"https:\/\/www.hospitalbarrosluco.gob.cl\/dgti\/wp-json\/wp\/v2\/pages"}],"about":[{"href":"https:\/\/www.hospitalbarrosluco.gob.cl\/dgti\/wp-json\/wp\/v2\/types\/page"}],"author":[{"embeddable":true,"href":"https:\/\/www.hospitalbarrosluco.gob.cl\/dgti\/wp-json\/wp\/v2\/users\/4"}],"replies":[{"embeddable":true,"href":"https:\/\/www.hospitalbarrosluco.gob.cl\/dgti\/wp-json\/wp\/v2\/comments?post=726"}],"version-history":[{"count":13,"href":"https:\/\/www.hospitalbarrosluco.gob.cl\/dgti\/wp-json\/wp\/v2\/pages\/726\/revisions"}],"predecessor-version":[{"id":2447,"href":"https:\/\/www.hospitalbarrosluco.gob.cl\/dgti\/wp-json\/wp\/v2\/pages\/726\/revisions\/2447"}],"wp:featuredmedia":[{"embeddable":true,"href":"https:\/\/www.hospitalbarrosluco.gob.cl\/dgti\/wp-json\/wp\/v2\/media\/410"}],"wp:attachment":[{"href":"https:\/\/www.hospitalbarrosluco.gob.cl\/dgti\/wp-json\/wp\/v2\/media?parent=726"}],"curies":[{"name":"wp","href":"https:\/\/api.w.org\/{rel}","templated":true}]}}