{"id":762,"date":"2022-05-06T18:13:51","date_gmt":"2022-05-06T21:13:51","guid":{"rendered":"https:\/\/www.hospitalbarrosluco.gob.cl\/dgti\/?page_id=762"},"modified":"2026-05-05T16:28:11","modified_gmt":"2026-05-05T19:28:11","slug":"formas-de-protegernos","status":"publish","type":"page","link":"https:\/\/www.hospitalbarrosluco.gob.cl\/dgti\/formas-de-protegernos\/","title":{"rendered":"Formas de protegernos"},"content":{"rendered":"\n<div class=\"wp-block-image\"><figure class=\"aligncenter size-large is-resized\"><img loading=\"lazy\" src=\"https:\/\/www.hospitalbarrosluco.gob.cl\/dgti\/wp-content\/uploads\/2022\/05\/barraProtegerse-1024x293.png\" alt=\"\" class=\"wp-image-1450\" width=\"512\" height=\"147\" srcset=\"https:\/\/www.hospitalbarrosluco.gob.cl\/dgti\/wp-content\/uploads\/2022\/05\/barraProtegerse-1024x293.png 1024w, https:\/\/www.hospitalbarrosluco.gob.cl\/dgti\/wp-content\/uploads\/2022\/05\/barraProtegerse-300x86.png 300w, https:\/\/www.hospitalbarrosluco.gob.cl\/dgti\/wp-content\/uploads\/2022\/05\/barraProtegerse-768x220.png 768w, https:\/\/www.hospitalbarrosluco.gob.cl\/dgti\/wp-content\/uploads\/2022\/05\/barraProtegerse-660x189.png 660w, https:\/\/www.hospitalbarrosluco.gob.cl\/dgti\/wp-content\/uploads\/2022\/05\/barraProtegerse.png 1170w\" sizes=\"(max-width: 512px) 100vw, 512px\" \/><\/figure><\/div>\n\n\n\n<div style=\"height:10px\" aria-hidden=\"true\" class=\"wp-block-spacer\"><\/div>\n\n\n\n<p>\u2022 Tener instalado y actualizado un software de Antivirus.<br>\u2022 No abra los adjuntos de correo electr\u00f3nico no solicitados.<br>\u2022 No abra software de sitios web poco fidedignos.<br>\u2022 No Descargue programas (software) desde sitios no oficiales.<br>\u2022 No haga clic en anuncios emergentes mientras navega por Internet.<br>\u2022 En el caso de los usuarios m\u00f3viles, descargue las aplicaciones s\u00f3lo de Google Play Store, App Store o App oficial de la marca. Cada vez que descargue una aplicaci\u00f3n, compruebe antes las calificaciones y los comentarios. Si una aplicaci\u00f3n tiene una calificaci\u00f3n baja y pocas descargas, es mejor evitarla.<br>\u2022 No haga clic en enlaces extra\u00f1os no verificados de correos electr\u00f3nicos, mensajes de texto y mensajes de WhatsApp de origen desconocido. Los enlaces extra\u00f1os de amigos y contactos, deben evitarse tambi\u00e9n, a menos que haya verificado que son seguros.<\/p>\n\n\n\n<p>A continuaci\u00f3n, podr\u00e1 conocer en el listado otras formas de protegernos:<\/p>\n\n\n\n<div class=\"wp-block-atomic-blocks-ab-accordion ab-block-accordion\"><details><summary class=\"ab-accordion-title\"><strong><mark style=\"background-color:rgba(0, 0, 0, 0)\" class=\"has-inline-color has-vivid-cyan-blue-color\">CIBERCONSEJOS<\/mark><\/strong> <em>(clic para abrir)<\/em><\/summary><div class=\"ab-accordion-text\">\n<p>Haga clic a continuaci\u00f3n en alguno de los temas para aprender m\u00e1s al respecto:<\/p>\n\n\n\n<figure class=\"wp-block-image size-full\"><a href=\"https:\/\/ciberseguridad.gob.cl\/ciberconsejos\/ciberconsejos-operacion-renta-2024\/\" target=\"_blank\" rel=\"noopener\"><img src=\"https:\/\/www.hospitalbarrosluco.gob.cl\/dgti\/wp-content\/uploads\/2024\/04\/Renta2024.png\" alt=\"\" class=\"wp-image-1766\"\/><\/a><\/figure>\n\n\n\n<figure class=\"wp-block-image size-full\"><a href=\"https:\/\/ciberseguridad.gob.cl\/ciberconsejos\/ciberconsejos-protege-tu-informacion-biometrica\/\" target=\"_blank\" rel=\"noopener\"><img src=\"https:\/\/www.hospitalbarrosluco.gob.cl\/dgti\/wp-content\/uploads\/2024\/04\/infoBiomet.png\" alt=\"\" class=\"wp-image-1682\"\/><\/a><\/figure>\n\n\n\n<figure class=\"wp-block-image size-full\"><a href=\"https:\/\/ciberseguridad.gob.cl\/ciberconsejos\/ciberconsejos-que-hacer-si-te-roban-la-cuenta-de-whatsapp\/\" target=\"_blank\" rel=\"noopener\"><img src=\"https:\/\/www.hospitalbarrosluco.gob.cl\/dgti\/wp-content\/uploads\/2024\/04\/WhasopRobo.png\" alt=\"\" class=\"wp-image-1683\"\/><\/a><\/figure>\n\n\n\n<figure class=\"wp-block-image size-full\"><a href=\"https:\/\/ciberseguridad.gob.cl\/ciberconsejos\/como-proteger-tus-datos-personales\/\" target=\"_blank\" rel=\"noopener\"><img src=\"https:\/\/www.hospitalbarrosluco.gob.cl\/dgti\/wp-content\/uploads\/2024\/04\/ProteDatPers.png\" alt=\"\" class=\"wp-image-1684\"\/><\/a><\/figure>\n\n\n\n<figure class=\"wp-block-image size-full\"><a href=\"https:\/\/ciberseguridad.gob.cl\/ciberconsejos\/ciberconsejos-contrasenas-robustas\/\" target=\"_blank\" rel=\"noopener\"><img src=\"https:\/\/www.hospitalbarrosluco.gob.cl\/dgti\/wp-content\/uploads\/2024\/04\/ContraRobu.png\" alt=\"\" class=\"wp-image-1685\"\/><\/a><\/figure>\n\n\n\n<figure class=\"wp-block-image size-full\"><a href=\"https:\/\/ciberseguridad.gob.cl\/ciberconsejos\/ciberconsejos-para-el-uso-seguro-del-correo-electronico\/\" target=\"_blank\" rel=\"noopener\"><img src=\"https:\/\/www.hospitalbarrosluco.gob.cl\/dgti\/wp-content\/uploads\/2024\/04\/CorreoSeg.png\" alt=\"\" class=\"wp-image-1686\"\/><\/a><\/figure>\n\n\n\n<figure class=\"wp-block-image size-full\"><a href=\"https:\/\/ciberseguridad.gob.cl\/ciberconsejos\/ciberconsejos-para-cuidar-tu-claveunica\/\" target=\"_blank\" rel=\"noopener\"><img src=\"https:\/\/www.hospitalbarrosluco.gob.cl\/dgti\/wp-content\/uploads\/2024\/04\/ClaveUni.png\" alt=\"\" class=\"wp-image-1687\"\/><\/a><\/figure>\n\n\n\n<figure class=\"wp-block-image size-full\"><a href=\"https:\/\/ciberseguridad.gob.cl\/ciberconsejos\/ciberconsejos-que-es-un-phishing-con-malware\/\" target=\"_blank\" rel=\"noopener\"><img src=\"https:\/\/www.hospitalbarrosluco.gob.cl\/dgti\/wp-content\/uploads\/2024\/04\/PhishiMal.png\" alt=\"\" class=\"wp-image-1688\"\/><\/a><\/figure>\n\n\n\n<figure class=\"wp-block-image size-full\"><a href=\"https:\/\/ciberseguridad.gob.cl\/ciberconsejos\/como-identificar-las-fake-news\/\" target=\"_blank\" rel=\"noopener\"><img src=\"https:\/\/www.hospitalbarrosluco.gob.cl\/dgti\/wp-content\/uploads\/2024\/04\/FakeNews.png\" alt=\"\" class=\"wp-image-1692\"\/><\/a><\/figure>\n\n\n\n<figure class=\"wp-block-image size-full\"><a href=\"https:\/\/ciberseguridad.gob.cl\/ciberconsejos\/ciberconsejos-para-dispositivos-seguros\/\" target=\"_blank\" rel=\"noopener\"><img src=\"https:\/\/www.hospitalbarrosluco.gob.cl\/dgti\/wp-content\/uploads\/2024\/04\/DispoSeg.png\" alt=\"\" class=\"wp-image-1692\"\/><\/a><\/figure>\n\n\n\n<p>M\u00e1s consejos puede encontrar en el siguiente <a href=\"https:\/\/ciberseguridad.gob.cl\/ciberconsejos\/\" target=\"_blank\" rel=\"noreferrer noopener\"><strong>LINK<\/strong>.<\/a><\/p>\n<\/div><\/details><\/div>\n\n\n\n<div class=\"wp-block-atomic-blocks-ab-accordion ab-block-accordion\"><details><summary class=\"ab-accordion-title\"><strong><mark style=\"background-color:rgba(0, 0, 0, 0)\" class=\"has-inline-color has-vivid-cyan-blue-color\">ENTRENAMIENTO SOBRE PELIGROS DEL &#8220;MALWARE&#8221; Y &#8220;RANSOMWARE&#8221;<\/mark><\/strong> <em>(clic para abrir)<\/em><\/summary><div class=\"ab-accordion-text\">\n<p>El Departamento de Tecnolog\u00edas de la Informaci\u00f3n y la Comunicaci\u00f3n (TIC) del Ministerio de Salud, difunde nuevamente con la Comunidad Minsal una instancia de entrenamiento. En esta oportunidad, nos enfocaremos en los peligros que existen producto de malware y ransomware. Se trata de un breve video que aborda:<\/p>\n\n\n\n<p>Tem\u00e1ticas a abordar<br>\u2022 Qu\u00e9 son y que hacen los malwares y ransomware.<br>\u2022 C\u00f3mo atacan los Hackers.<br>\u2022 C\u00f3mo prevenir los ataques.<\/p>\n\n\n\n<p><em>A continuaci\u00f3n puede visualizar el video para aprender sobre lo arriba indicado:<\/em><\/p>\n\n\n\n<figure class=\"wp-block-video aligncenter\"><video controls src=\"https:\/\/www.hospitalbarrosluco.gob.cl\/dgti\/wp-content\/uploads\/2022\/09\/Rsmwrok.mp4\"><\/video><\/figure>\n\n\n\n<div style=\"height:30px\" aria-hidden=\"true\" class=\"wp-block-spacer\"><\/div>\n<\/div><\/details><\/div>\n\n\n\n<div class=\"wp-block-atomic-blocks-ab-accordion ab-block-accordion\"><details><summary class=\"ab-accordion-title\"><strong><mark style=\"background-color:rgba(0, 0, 0, 0)\" class=\"has-inline-color has-vivid-cyan-blue-color\">PODCAST DE CIBERSEGURIDAD<\/mark><\/strong> <em>(clic para abrir)<\/em><\/summary><div class=\"ab-accordion-text\">\n<figure class=\"wp-block-video aligncenter\"><video controls src=\"https:\/\/www.hospitalbarrosluco.gob.cl\/dgti\/wp-content\/uploads\/2025\/09\/Podcast-2-Ciberseguridad-largo-video-latino-viejo.mp4\"><\/video><\/figure>\n\n\n\n<div style=\"height:30px\" aria-hidden=\"true\" class=\"wp-block-spacer\"><\/div>\n<\/div><\/details><\/div>\n\n\n\n<div class=\"wp-block-atomic-blocks-ab-accordion ab-block-accordion\"><details><summary class=\"ab-accordion-title\"><strong><mark style=\"background-color:rgba(0, 0, 0, 0)\" class=\"has-inline-color has-vivid-cyan-blue-color\">CAPSULAS INFORMATIVAS DE SEGURIDAD<\/mark><\/strong> <em>(clic para abrir)<\/em><\/summary><div class=\"ab-accordion-text\">\n<p><strong>Tu privacidad en internet es clave<\/strong><\/p>\n\n\n\n<figure class=\"wp-block-video aligncenter\"><video controls src=\"https:\/\/www.hospitalbarrosluco.gob.cl\/dgti\/wp-content\/uploads\/2024\/03\/Tu-privacidad-en-internet-es-clave.mp4\"><\/video><\/figure>\n\n\n\n<div style=\"height:30px\" aria-hidden=\"true\" class=\"wp-block-spacer\"><\/div>\n\n\n\n<p><strong>\u00bfQu\u00e9 es un phishing y un malware?<\/strong><\/p>\n\n\n\n<figure class=\"wp-block-video aligncenter\"><video controls src=\"https:\/\/www.hospitalbarrosluco.gob.cl\/dgti\/wp-content\/uploads\/2024\/03\/\u00bfQue-es-un-phishing-y-un-malware.mp4\"><\/video><\/figure>\n\n\n\n<div style=\"height:30px\" aria-hidden=\"true\" class=\"wp-block-spacer\"><\/div>\n\n\n\n<p><strong>Consejos para proteger tus datos personales<\/strong><\/p>\n\n\n\n<figure class=\"wp-block-video aligncenter\"><video controls src=\"https:\/\/www.hospitalbarrosluco.gob.cl\/dgti\/wp-content\/uploads\/2024\/03\/Ciberconsejos-para-proteger-tus-datos-personales.mp4\"><\/video><\/figure>\n\n\n\n<div style=\"height:30px\" aria-hidden=\"true\" class=\"wp-block-spacer\"><\/div>\n\n\n\n<p><strong>Cuidado por donde navegas<\/strong><\/p>\n\n\n\n<figure class=\"wp-block-video aligncenter\"><video controls src=\"https:\/\/www.hospitalbarrosluco.gob.cl\/dgti\/wp-content\/uploads\/2024\/03\/Cuidado-por-donde-navegas.mp4\"><\/video><\/figure>\n\n\n\n<div style=\"height:30px\" aria-hidden=\"true\" class=\"wp-block-spacer\"><\/div>\n\n\n\n<p><strong>Crea contrase\u00f1as seguras<\/strong><\/p>\n\n\n\n<figure class=\"wp-block-video aligncenter\"><video controls src=\"https:\/\/www.hospitalbarrosluco.gob.cl\/dgti\/wp-content\/uploads\/2024\/03\/Crea-contrasenas-seguras.mp4\"><\/video><\/figure>\n\n\n\n<div style=\"height:30px\" aria-hidden=\"true\" class=\"wp-block-spacer\"><\/div>\n<\/div><\/details><\/div>\n\n\n\n<div style=\"height:35px\" aria-hidden=\"true\" class=\"wp-block-spacer\"><\/div>\n\n\n\n<div class=\"wp-block-columns\">\n<div class=\"wp-block-column\"><\/div>\n\n\n\n<div class=\"wp-block-column\" style=\"flex-basis:225px\">\n<figure class=\"wp-block-image size-full is-resized\"><a href=\"https:\/\/www.hospitalbarrosluco.gob.cl\/dgti\/seguridad-de-la-informacion\/\"><img loading=\"lazy\" src=\"https:\/\/www.hospitalbarrosluco.gob.cl\/dgti\/wp-content\/uploads\/2022\/05\/btnIntroSegv2.png\" alt=\"\" class=\"wp-image-731\" width=\"225\" height=\"75\"\/><\/a><\/figure>\n<\/div>\n\n\n\n<div class=\"wp-block-column\" style=\"flex-basis:225px\">\n<figure class=\"wp-block-image size-full\"><a href=\"https:\/\/www.hospitalbarrosluco.gob.cl\/dgti\/politicas-de-seguridad-de-la-informacion\/\"><img loading=\"lazy\" width=\"300\" height=\"100\" src=\"https:\/\/www.hospitalbarrosluco.gob.cl\/dgti\/wp-content\/uploads\/2022\/05\/btnPolitSegv2.png\" alt=\"\" class=\"wp-image-732\"\/><\/a><\/figure>\n<\/div>\n\n\n\n<div class=\"wp-block-column\" style=\"flex-basis:225px\">\n<figure class=\"wp-block-image size-full is-resized\"><a href=\"https:\/\/www.hospitalbarrosluco.gob.cl\/dgti\/correo-malicioso\/\"><img loading=\"lazy\" src=\"https:\/\/www.hospitalbarrosluco.gob.cl\/dgti\/wp-content\/uploads\/2022\/05\/btnCorMaliSegv2.png\" alt=\"\" class=\"wp-image-734\" width=\"225\" height=\"75\"\/><\/a><\/figure>\n<\/div>\n\n\n\n<div class=\"wp-block-column\"><\/div>\n<\/div>\n\n\n\n<div class=\"wp-block-columns\">\n<div class=\"wp-block-column\"><\/div>\n\n\n\n<div class=\"wp-block-column\" style=\"flex-basis:225px\">\n<figure class=\"wp-block-image size-full\"><a href=\"https:\/\/www.hospitalbarrosluco.gob.cl\/dgti\/tipos-de-malware\/\"><img loading=\"lazy\" width=\"300\" height=\"100\" src=\"https:\/\/www.hospitalbarrosluco.gob.cl\/dgti\/wp-content\/uploads\/2022\/05\/btnTipMalwaSegv2.png\" alt=\"\" class=\"wp-image-733\"\/><\/a><\/figure>\n<\/div>\n\n\n\n<div class=\"wp-block-column\" style=\"flex-basis:225px\">\n<figure class=\"wp-block-image size-full\"><a href=\"https:\/\/www.hospitalbarrosluco.gob.cl\/dgti\/formas-de-infectarnos\/\"><img loading=\"lazy\" width=\"300\" height=\"100\" src=\"https:\/\/www.hospitalbarrosluco.gob.cl\/dgti\/wp-content\/uploads\/2022\/05\/btnForInfecSegv2.png\" alt=\"\" class=\"wp-image-728\"\/><\/a><\/figure>\n<\/div>\n\n\n\n<div class=\"wp-block-column\" style=\"flex-basis:225px\">\n<figure class=\"wp-block-image size-full\"><a href=\"https:\/\/www.hospitalbarrosluco.gob.cl\/dgti\/infografias\/\"><img loading=\"lazy\" width=\"300\" height=\"100\" src=\"https:\/\/www.hospitalbarrosluco.gob.cl\/dgti\/wp-content\/uploads\/2022\/05\/btnInfograSegv2.png\" alt=\"\" class=\"wp-image-730\"\/><\/a><\/figure>\n<\/div>\n\n\n\n<div class=\"wp-block-column\"><\/div>\n<\/div>\n\n\n\n<p><\/p>\n","protected":false},"excerpt":{"rendered":"<p>\u2022 Tener instalado y actualizado un software de Antivirus.\u2022 No abra los adjuntos de correo electr\u00f3nico no solicitados.\u2022 No abra software de sitios web poco fidedignos.\u2022 No Descargue programas (software) desde sitios no oficiales.\u2022 No haga clic en anuncios emergentes mientras navega por Internet.\u2022 En el caso de los usuarios m\u00f3viles, descargue las aplicaciones s\u00f3lo [&hellip;]<\/p>\n","protected":false},"author":4,"featured_media":410,"parent":0,"menu_order":0,"comment_status":"closed","ping_status":"closed","template":"","meta":[],"featured_image_src":"https:\/\/www.hospitalbarrosluco.gob.cl\/dgti\/wp-content\/uploads\/2022\/03\/ForFotoCutTituloSeguridad660x220px.png","featured_image_src_square":"https:\/\/www.hospitalbarrosluco.gob.cl\/dgti\/wp-content\/uploads\/2022\/03\/ForFotoCutTituloSeguridad660x220px.png","_links":{"self":[{"href":"https:\/\/www.hospitalbarrosluco.gob.cl\/dgti\/wp-json\/wp\/v2\/pages\/762"}],"collection":[{"href":"https:\/\/www.hospitalbarrosluco.gob.cl\/dgti\/wp-json\/wp\/v2\/pages"}],"about":[{"href":"https:\/\/www.hospitalbarrosluco.gob.cl\/dgti\/wp-json\/wp\/v2\/types\/page"}],"author":[{"embeddable":true,"href":"https:\/\/www.hospitalbarrosluco.gob.cl\/dgti\/wp-json\/wp\/v2\/users\/4"}],"replies":[{"embeddable":true,"href":"https:\/\/www.hospitalbarrosluco.gob.cl\/dgti\/wp-json\/wp\/v2\/comments?post=762"}],"version-history":[{"count":63,"href":"https:\/\/www.hospitalbarrosluco.gob.cl\/dgti\/wp-json\/wp\/v2\/pages\/762\/revisions"}],"predecessor-version":[{"id":3209,"href":"https:\/\/www.hospitalbarrosluco.gob.cl\/dgti\/wp-json\/wp\/v2\/pages\/762\/revisions\/3209"}],"wp:featuredmedia":[{"embeddable":true,"href":"https:\/\/www.hospitalbarrosluco.gob.cl\/dgti\/wp-json\/wp\/v2\/media\/410"}],"wp:attachment":[{"href":"https:\/\/www.hospitalbarrosluco.gob.cl\/dgti\/wp-json\/wp\/v2\/media?parent=762"}],"curies":[{"name":"wp","href":"https:\/\/api.w.org\/{rel}","templated":true}]}}